{"id":12406,"date":"2015-12-09T10:56:06","date_gmt":"2015-12-09T10:56:06","guid":{"rendered":"http:\/\/vikingforce.se\/sv\/beef-amino\/"},"modified":"2025-05-16T10:13:01","modified_gmt":"2025-05-16T10:13:01","slug":"beef-amino","status":"publish","type":"page","link":"https:\/\/vikingforce.se\/sv\/beef-line\/beef-amino\/","title":{"rendered":"Beef Amino &#8211; Swedish"},"content":{"rendered":"<p><div class=\"fusion-fullwidth fullwidth-box fusion-builder-row-1 nonhundred-percent-fullwidth non-hundred-percent-height-scrolling\" style=\"--awb-background-position:center top;--awb-border-color:#f6f6f6;--awb-border-radius-top-left:0px;--awb-border-radius-top-right:0px;--awb-border-radius-bottom-right:0px;--awb-border-radius-bottom-left:0px;--awb-padding-top:1px;--awb-padding-right:0px;--awb-padding-bottom:30px;--awb-padding-left:0px;--awb-background-color:#fff;--awb-border-sizes-top:1px;--awb-border-sizes-bottom:1px;--awb-flex-wrap:wrap;\" ><div class=\"fusion-builder-row fusion-row\"><div class=\"fusion-layout-column fusion_builder_column fusion-builder-column-0 fusion_builder_column_1_2 1_2 fusion-one-half fusion-column-first\" style=\"--awb-bg-size:cover;width:48%; margin-right: 4%;\"><div class=\"fusion-column-wrapper fusion-flex-column-wrapper-legacy\"><div class=\"fusion-sep-clear\"><\/div><div class=\"fusion-separator fusion-full-width-sep\" style=\"margin-left: auto;margin-right: auto;margin-top:60px;width:100%;\"><\/div><div class=\"fusion-sep-clear\"><\/div><div class=\"fusion-text fusion-text-1\"><p><img decoding=\"async\" class=\"wp-image-13943 aligncenter\" src=\"https:\/\/vikingforce.se\/wp-content\/uploads\/2017\/03\/beef_amino.jpg\" alt=\"\" width=\"599\" height=\"738\" srcset=\"https:\/\/vikingforce.se\/wp-content\/uploads\/2017\/03\/beef_amino-244x300.jpg 244w, https:\/\/vikingforce.se\/wp-content\/uploads\/2017\/03\/beef_amino.jpg 600w\" sizes=\"(max-width: 599px) 100vw, 599px\" \/><\/p>\n<\/div><div class=\"fusion-clearfix\"><\/div><\/div><\/div><div class=\"fusion-layout-column fusion_builder_column fusion-builder-column-1 fusion_builder_column_1_2 1_2 fusion-one-half fusion-column-last\" style=\"--awb-bg-size:cover;width:48%;\"><div class=\"fusion-column-wrapper fusion-flex-column-wrapper-legacy\"><div class=\"fusion-title title fusion-title-1 fusion-sep-none fusion-title-text fusion-title-size-one title-wg\" style=\"--awb-margin-bottom:5px;\"><h1 class=\"fusion-title-heading title-heading-left\" style=\"margin:0;\"><p style=\"text-align: center;\">VIKING BEEF AMINO<\/p><\/h1><\/div><div class=\"fusion-text fusion-text-2\"><p style=\"text-align: center;\">(Kosttillskott)<\/p>\n<\/div><div class=\"fusion-sep-clear\"><\/div><div class=\"fusion-separator fusion-full-width-sep\" style=\"margin-left: auto;margin-right: auto;margin-top:10px;width:100%;\"><\/div><div class=\"fusion-sep-clear\"><\/div><div class=\"fusion-text fusion-text-3\"><p class=\"subtitle-wg\" style=\"text-align: center;\">Nettovikt: 390g (13.75 fl. oz.)<\/p>\n<p class=\"subtitle-wg\" style=\"text-align: center;\">300 Tabletter<\/p>\n<\/div><div class=\"fusion-clearfix\"><\/div><\/div><\/div><\/div><\/div><div class=\"fusion-fullwidth fullwidth-box fusion-builder-row-2 nonhundred-percent-fullwidth non-hundred-percent-height-scrolling\" style=\"--awb-border-color:#f6f6f6;--awb-border-radius-top-left:0px;--awb-border-radius-top-right:0px;--awb-border-radius-bottom-right:0px;--awb-border-radius-bottom-left:0px;--awb-padding-top:10px;--awb-padding-right:0px;--awb-padding-bottom:0px;--awb-padding-left:0px;--awb-background-color:#fff;--awb-border-sizes-top:0px;--awb-border-sizes-bottom:0px;--awb-flex-wrap:wrap;\" ><div class=\"fusion-builder-row fusion-row\"><div class=\"fusion-layout-column fusion_builder_column fusion-builder-column-2 fusion_builder_column_1_2 1_2 fusion-one-half fusion-column-first\" style=\"--awb-bg-size:cover;width:48%; margin-right: 4%;\"><div class=\"fusion-column-wrapper fusion-flex-column-wrapper-legacy\"><div class=\"fusion-text fusion-text-4\"><p class=\"subtitle-p-red\">Smaker: <span style=\"color: rgb(116, 116, 116); font-weight: normal;\">Natur<\/span><\/p>\n<p class=\"subtitle-p-red\">Bruksanvisning:<\/p>\n<p><span style=\"color: rgb(116, 116, 116);\">Ta<\/span> 12 tabletter dagligen med vatten, helst efter tr\u00e4ning<\/p>\n<p class=\"subtitle-p-red\">Ingredienser:<\/p>\n<p>Hydrolyserat n\u00f6tk\u00f6ttsprotein, fyllnadsmedel (mikrokristallin cellulosa, dikalciumfosfat), klumpf\u00f6rebyggande medel (magnesiumstearat, kiseldioxid).<\/p>\n<p style=\"color: rgb(227, 30, 37);\"><b>Allergiinformation:<\/b><\/p>\n<p style=\"color: rgb(227, 30, 37);\"><span style=\"color: rgb(116, 116, 116);\">Kan inneh\u00e5lla sp\u00e5r av mj\u00f6lk, soja, \u00e4gg och vete (gluten).<\/span><b><br \/><\/b><\/p>\n<p class=\"subtitle-p-red\">Viktig<span style=\"color: rgb(227, 30, 37);\"> information:<\/span><\/p>\n<p>Denna produkt \u00e4r ett kosttillskott. Anv\u00e4nd denna produkt tillsammans med mat som en del av en h\u00e4lsosam och balanserad kost, inte som ers\u00e4ttning f\u00f6r s\u00e5dan. F\u00f6rvaras utom r\u00e4ckh\u00e5ll f\u00f6r barn. Avsedd f\u00f6r anv\u00e4ndning endast av vuxna \u2013 inte f\u00f6r gravida eller ammande kvinnor! \u00d6verskrid inte den rekommenderade dagliga dosen.<br \/>\nF\u00f6rvaras p\u00e5 en sval, torr plats. Uts\u00e4tt inte f\u00f6r \u00f6verdriven v\u00e4rme, fukt eller solljus. B\u00e4st f\u00f6re utg\u00e5ngsdatum som anges p\u00e5 f\u00f6rpackningen.<\/p>\n<\/div><div class=\"fusion-clearfix\"><\/div><\/div><\/div><div class=\"fusion-layout-column fusion_builder_column fusion-builder-column-3 fusion_builder_column_1_2 1_2 fusion-one-half fusion-column-last\" style=\"--awb-bg-size:cover;width:48%;\"><div class=\"fusion-column-wrapper fusion-flex-column-wrapper-legacy\"><div class=\"fusion-text fusion-text-5\"><p class=\"subtitle-p-red\">N\u00c4RINGSFAKTA<\/p>\n<\/div><div class=\"fusion-text fusion-text-6\"><div class=\"table-1\">\n<table class=\"tb\" width=\"100%\">\n<tbody>\n<tr class=\"table-row_border\">\n<td colspan=\"3\"><strong>N\u00e4ringsinneh\u00e5ll per:<br \/>\n<\/strong><\/p>\n<p><strong>portioner per f\u00f6rpackning: 25<\/strong><\/td>\n<td colspan=\"2\">1 portion (<b>12 tabletter 15,6 g<\/b>)<\/td>\n<\/tr>\n<tr>\n<td colspan=\"3\">Energiv\u00e4rde<\/td>\n<td colspan=\"2\">197 kJ \/ 46 kcal<\/td>\n<\/tr>\n<tr>\n<td colspan=\"3\">Proteiner<\/td>\n<td colspan=\"2\">11 g<\/td>\n<\/tr>\n<tr>\n<td colspan=\"3\">Kolhydrater<\/td>\n<td colspan=\"2\">0 g<\/td>\n<\/tr>\n<tr>\n<td colspan=\"3\">varav sockerarter<\/td>\n<td colspan=\"2\">0 g<\/td>\n<\/tr>\n<tr>\n<td colspan=\"3\">Fetter<\/td>\n<td colspan=\"2\">0,2 g<\/td>\n<\/tr>\n<tr>\n<td colspan=\"3\">varav m\u00e4ttade fetter<\/td>\n<td colspan=\"2\">0,1 g<\/td>\n<\/tr>\n<tr>\n<td colspan=\"3\">Fibrer<\/td>\n<td colspan=\"2\">0 g<\/td>\n<\/tr>\n<tr>\n<td colspan=\"3\">Natrium<\/td>\n<td colspan=\"2\">&lt; 0,1 g<\/td>\n<\/tr>\n<\/tbody>\n<\/table>\n<\/div>\n<\/div><div class=\"fusion-text fusion-text-7\"><div class=\"table-1\">\n<table class=\"tb\" width=\"100%\">\n<tbody>\n<tr>\n<td colspan=\"8\"><strong>Aminosyraprofil<\/strong> per 100 g:<\/td>\n<\/tr>\n<tr>\n<td colspan=\"2\">Alanin<\/td>\n<td colspan=\"2\">9220 mg<\/td>\n<td colspan=\"2\">Arginin<\/td>\n<td colspan=\"2\">7410 mg<\/td>\n<\/tr>\n<tr>\n<td colspan=\"2\">Asparaginsyra<\/td>\n<td colspan=\"2\">6050 mg<\/td>\n<td colspan=\"2\">Cystein<\/td>\n<td colspan=\"2\">111 mg<\/td>\n<\/tr>\n<tr>\n<td colspan=\"2\">Glutaminsyra<\/td>\n<td colspan=\"2\">10680 mg<\/td>\n<td colspan=\"2\">Glycin<\/td>\n<td colspan=\"2\">21220 mg<\/td>\n<\/tr>\n<tr>\n<td colspan=\"2\">Histidin<\/td>\n<td colspan=\"2\">970 mg<\/td>\n<td colspan=\"2\">Isoleucin<\/td>\n<td colspan=\"2\">1760 mg<\/td>\n<\/tr>\n<tr>\n<td colspan=\"2\">Leucin<\/td>\n<td colspan=\"2\">3740 mg<\/td>\n<td colspan=\"2\">Lysin<\/td>\n<td colspan=\"2\">3890 mg<\/td>\n<\/tr>\n<tr>\n<td colspan=\"2\">Metionin<\/td>\n<td colspan=\"2\">890 mg<\/td>\n<td colspan=\"2\">Fenylalanin<\/td>\n<td colspan=\"2\">2530 mg<\/td>\n<\/tr>\n<tr>\n<td colspan=\"2\">Prolin<\/td>\n<td colspan=\"2\">11350 mg<\/td>\n<td colspan=\"2\">Hydroxyprolin<\/td>\n<td colspan=\"2\">740 mg<\/td>\n<\/tr>\n<tr>\n<td colspan=\"2\">Serin<\/td>\n<td colspan=\"2\">3280 mg<\/td>\n<td colspan=\"2\">Treonin<\/td>\n<td colspan=\"2\">2060 mg<\/td>\n<\/tr>\n<tr>\n<td colspan=\"2\">Tryptofan<\/td>\n<td colspan=\"2\">190 mg<\/td>\n<td colspan=\"2\">Tyrosin<\/td>\n<td colspan=\"2\">960 mg<\/td>\n<\/tr>\n<tr>\n<td colspan=\"2\">Valin<\/td>\n<td colspan=\"2\">2960 mg<\/td>\n<td colspan=\"2\"><\/td>\n<td colspan=\"2\"><\/td>\n<\/tr>\n<\/tbody>\n<\/table>\n<\/div>\n<\/div><div class=\"fusion-clearfix\"><\/div><\/div><\/div><\/div><\/div><\/p>\n","protected":false},"excerpt":{"rendered":"","protected":false},"author":1,"featured_media":0,"parent":12410,"menu_order":0,"comment_status":"closed","ping_status":"closed","template":"","meta":{"footnotes":""},"class_list":["post-12406","page","type-page","status-publish","hentry"],"_links":{"self":[{"href":"https:\/\/vikingforce.se\/sv\/wp-json\/wp\/v2\/pages\/12406","targetHints":{"allow":["GET"]}}],"collection":[{"href":"https:\/\/vikingforce.se\/sv\/wp-json\/wp\/v2\/pages"}],"about":[{"href":"https:\/\/vikingforce.se\/sv\/wp-json\/wp\/v2\/types\/page"}],"author":[{"embeddable":true,"href":"https:\/\/vikingforce.se\/sv\/wp-json\/wp\/v2\/users\/1"}],"replies":[{"embeddable":true,"href":"https:\/\/vikingforce.se\/sv\/wp-json\/wp\/v2\/comments?post=12406"}],"version-history":[{"count":25,"href":"https:\/\/vikingforce.se\/sv\/wp-json\/wp\/v2\/pages\/12406\/revisions"}],"predecessor-version":[{"id":23565,"href":"https:\/\/vikingforce.se\/sv\/wp-json\/wp\/v2\/pages\/12406\/revisions\/23565"}],"up":[{"embeddable":true,"href":"https:\/\/vikingforce.se\/sv\/wp-json\/wp\/v2\/pages\/12410"}],"wp:attachment":[{"href":"https:\/\/vikingforce.se\/sv\/wp-json\/wp\/v2\/media?parent=12406"}],"curies":[{"name":"wp","href":"https:\/\/api.w.org\/{rel}","templated":true}]}}