{"id":12400,"date":"2015-12-07T10:48:45","date_gmt":"2015-12-07T10:48:45","guid":{"rendered":"http:\/\/vikingforce.se\/sv\/beef\/"},"modified":"2025-05-16T10:02:23","modified_gmt":"2025-05-16T10:02:23","slug":"beef","status":"publish","type":"page","link":"https:\/\/vikingforce.se\/sv\/beef-line\/beef\/","title":{"rendered":"Beef &#8211;  Swedish"},"content":{"rendered":"<p><div class=\"fusion-fullwidth fullwidth-box fusion-builder-row-1 nonhundred-percent-fullwidth non-hundred-percent-height-scrolling\" style=\"--awb-background-position:center top;--awb-border-color:#f6f6f6;--awb-border-radius-top-left:0px;--awb-border-radius-top-right:0px;--awb-border-radius-bottom-right:0px;--awb-border-radius-bottom-left:0px;--awb-padding-top:1px;--awb-padding-right:0px;--awb-padding-bottom:30px;--awb-padding-left:0px;--awb-background-color:#fff;--awb-border-sizes-top:1px;--awb-border-sizes-bottom:1px;--awb-flex-wrap:wrap;\" ><div class=\"fusion-builder-row fusion-row\"><div class=\"fusion-layout-column fusion_builder_column fusion-builder-column-0 fusion_builder_column_1_2 1_2 fusion-one-half fusion-column-first\" style=\"--awb-bg-size:cover;width:48%; margin-right: 4%;\"><div class=\"fusion-column-wrapper fusion-flex-column-wrapper-legacy\"><div class=\"fusion-sep-clear\"><\/div><div class=\"fusion-separator fusion-full-width-sep\" style=\"margin-left: auto;margin-right: auto;margin-top:60px;width:100%;\"><\/div><div class=\"fusion-sep-clear\"><\/div><div class=\"fusion-text fusion-text-1\"><p><img decoding=\"async\" class=\"wp-image-14165 size-full aligncenter\" src=\"https:\/\/vikingforce.se\/wp-content\/uploads\/2017\/03\/beef.jpg\" alt=\"\" width=\"600\" height=\"741\" srcset=\"https:\/\/vikingforce.se\/wp-content\/uploads\/2017\/03\/beef-243x300.jpg 243w, https:\/\/vikingforce.se\/wp-content\/uploads\/2017\/03\/beef.jpg 600w\" sizes=\"(max-width: 600px) 100vw, 600px\" \/><\/p>\n<\/div><div class=\"fusion-clearfix\"><\/div><\/div><\/div><div class=\"fusion-layout-column fusion_builder_column fusion-builder-column-1 fusion_builder_column_1_2 1_2 fusion-one-half fusion-column-last\" style=\"--awb-bg-size:cover;width:48%;\"><div class=\"fusion-column-wrapper fusion-flex-column-wrapper-legacy\"><div class=\"fusion-sep-clear\"><\/div><div class=\"fusion-separator fusion-full-width-sep\" style=\"margin-left: auto;margin-right: auto;margin-top:30px;width:100%;\"><\/div><div class=\"fusion-sep-clear\"><\/div><div class=\"fusion-title title fusion-title-1 fusion-sep-none fusion-title-text fusion-title-size-one title-wg\" style=\"--awb-margin-bottom:5px;\"><h1 class=\"fusion-title-heading title-heading-left\" style=\"margin:0;\"><div style=\"text-align: center;\"><span style=\"font-size: var(--h1_typography-font-size); font-style: var(--h1_typography-font-style,normal); font-weight: var(--h1_typography-font-weight); letter-spacing: var(--h1_typography-letter-spacing);\">VIKING BEEF<\/span><\/div><\/h1><\/div><div class=\"fusion-text fusion-text-2\"><p style=\"text-align: center;\">(Kosttillskott)<\/p>\n<\/div><div class=\"fusion-text fusion-text-3\"><p class=\"subtitle-wg\" style=\"text-align: center;\">Nettovikt: 4,4 lbs (2 kg)<\/p>\n<p class=\"subtitle-wg\" style=\"text-align: center;\">Portioner\/beh\u00e5llare : 33<\/p>\n<\/div><div class=\"fusion-clearfix\"><\/div><\/div><\/div><\/div><\/div><div class=\"fusion-fullwidth fullwidth-box fusion-builder-row-2 nonhundred-percent-fullwidth non-hundred-percent-height-scrolling\" style=\"--awb-border-color:#f6f6f6;--awb-border-radius-top-left:0px;--awb-border-radius-top-right:0px;--awb-border-radius-bottom-right:0px;--awb-border-radius-bottom-left:0px;--awb-padding-top:10px;--awb-padding-right:0px;--awb-padding-bottom:0px;--awb-padding-left:0px;--awb-background-color:#fff;--awb-border-sizes-top:0px;--awb-border-sizes-bottom:0px;--awb-flex-wrap:wrap;\" ><div class=\"fusion-builder-row fusion-row\"><div class=\"fusion-layout-column fusion_builder_column fusion-builder-column-2 fusion_builder_column_1_1 1_1 fusion-one-full fusion-column-first fusion-column-last\" style=\"--awb-bg-size:cover;\"><div class=\"fusion-column-wrapper fusion-flex-column-wrapper-legacy\"><div class=\"fusion-text fusion-text-4\"><p class=\"subtitle-p-red\">Viking Beef<\/p>\n<p>Viking Beef \u00e4r f\u00f6r dem som vill ha en ren proteink\u00e4lla med en bred aminosyraprofil, helt fri fr\u00e5n kolhydrater och fett. Proteinet \u00e4r \u00e4ven fritt fr\u00e5n laktos och mj\u00f6lkprotein, och garanterat tillverkat av svenskt n\u00f6tk\u00f6tt.<\/p>\n<ul>\n<li>85 % protein, 0 kolhydrater och 0 fett<\/li>\n<li>Berikat med glutamin, BCAA, arginin, taurin och beta-alanin<\/li>\n<li>Fri fr\u00e5n mj\u00f6lkprotein och laktos<\/li>\n<\/ul>\n<\/div><div class=\"fusion-clearfix\"><\/div><\/div><\/div><div class=\"fusion-layout-column fusion_builder_column fusion-builder-column-3 fusion_builder_column_1_2 1_2 fusion-one-half fusion-column-first\" style=\"--awb-bg-size:cover;width:48%; margin-right: 4%;\"><div class=\"fusion-column-wrapper fusion-flex-column-wrapper-legacy\"><div class=\"fusion-text fusion-text-5\"><p class=\"subtitle-p-red\">Smaker: <span style=\"color: #747474; font-weight: normal;\">karamell, choklad, kaffekr\u00e4m<\/span><\/p>\n<p class=\"subtitle-p-red\">Anvisningar f\u00f6r anv\u00e4ndning:<\/p>\n<p>Blanda en portion (tv\u00e5 skopor, 60 g) med 4 dl vatten och skaka i 30 sekunder. Drick en portion dagligen.<\/p>\n<p class=\"subtitle-p-red\">Ingredienser:<\/p>\n<p>Hydrolyserade biffpeptider, L-glutamin, BCAA-blandning, taurin, kakaopulver (inneh\u00e5ller emulgeringsmedel: <strong>sojalecitin<\/strong>), smaker, s\u00f6tningsmedel (sukralos, acesulfam k.<\/p>\n<p class=\"subtitle-p-red\">Allergiinformation:<\/p>\n<p>Kan inneh\u00e5lla sp\u00e5r av mj\u00f6lk, soja, \u00e4gg och vete (gluten).<\/p>\n<p class=\"subtitle-p-red\">Viktig information:<\/p>\n<p>Denna produkt \u00e4r ett kosttillskott. Anv\u00e4nd denna produkt tillsammans med mat som en del av en h\u00e4lsosam, balanserad diet, inte som en ers\u00e4ttning f\u00f6r s\u00e5dan. F\u00f6rvaras utom r\u00e4ckh\u00e5ll f\u00f6r barn. Ej avsedd f\u00f6r anv\u00e4ndning av barn, gravida eller ammande kvinnor! \u00d6verskrid inte den rekommenderade dagliga dosen. F\u00f6rvara p\u00e5 en sval, torr plats. Uts\u00e4tt inte f\u00f6r \u00f6verdriven v\u00e4rme, fukt eller solljus. Bast f\u00f6re utg\u00e5ngsdatumet som st\u00e5r p\u00e5 f\u00f6rpackningen.<\/p>\n<\/div><div class=\"fusion-clearfix\"><\/div><\/div><\/div><div class=\"fusion-layout-column fusion_builder_column fusion-builder-column-4 fusion_builder_column_1_2 1_2 fusion-one-half fusion-column-last\" style=\"--awb-bg-size:cover;width:48%;\"><div class=\"fusion-column-wrapper fusion-flex-column-wrapper-legacy\"><div class=\"fusion-text fusion-text-6\"><p class=\"subtitle-p-red\">N\u00c4RINGSFAKTA<\/p>\n<\/div><div class=\"fusion-text fusion-text-7\"><div class=\"table-1\">\n<p><strong>Aminosyraprofil<\/strong><\/p>\n<table class=\"tb\" style=\"height: 1049px;\" width=\"585\">\n<tbody>\n<tr class=\"table-row_border\">\n<td colspan=\"3\"><strong>**N\u00e4ringsinneh\u00e5ll per:<\/strong><\/td>\n<td colspan=\"2\">1 portion (60 g)<\/td>\n<td colspan=\"2\">100 g<\/td>\n<\/tr>\n<tr>\n<td colspan=\"3\">Energiv\u00e4rde<\/td>\n<td colspan=\"2\">963 kJ \/ 226,8 kcal<\/td>\n<td colspan=\"2\">1605 kJ \/ 378 kcal<\/td>\n<\/tr>\n<tr>\n<td colspan=\"3\">Proteiner<\/td>\n<td colspan=\"2\">55,1 g<\/td>\n<td colspan=\"2\">91,8 g<\/td>\n<\/tr>\n<tr>\n<td colspan=\"3\">Kolhydrater<\/td>\n<td colspan=\"2\">&lt;0,1 g<\/td>\n<td colspan=\"2\">&lt;0,2 g<\/td>\n<\/tr>\n<tr>\n<td colspan=\"3\">varav sockerarter<\/td>\n<td colspan=\"2\">0 g<\/td>\n<td colspan=\"2\">0 g<\/td>\n<\/tr>\n<tr>\n<td colspan=\"3\">Fetter<\/td>\n<td colspan=\"2\">&lt;0,6 g<\/td>\n<td colspan=\"2\">&lt;1 g<\/td>\n<\/tr>\n<tr>\n<td colspan=\"3\">varav m\u00e4ttat fett<\/td>\n<td colspan=\"2\">0,06 g<\/td>\n<td colspan=\"2\">0,1 g<\/td>\n<\/tr>\n<tr>\n<td colspan=\"3\">Kostfiber<\/td>\n<td colspan=\"2\">0,4 g<\/td>\n<td colspan=\"2\">0,5 g<\/td>\n<\/tr>\n<tr>\n<td colspan=\"3\">Natrium<\/td>\n<td colspan=\"2\">0,4 g<\/td>\n<td colspan=\"2\">0,7 g<\/td>\n<\/tr>\n<tr>\n<td colspan=\"3\">L-Glutamin<\/td>\n<td colspan=\"2\">3600 mg<\/td>\n<td colspan=\"2\">6000 mg<\/td>\n<\/tr>\n<tr>\n<td colspan=\"3\">BCAA:s 2:1:1<\/td>\n<td colspan=\"2\">3000 mg<\/td>\n<td colspan=\"2\">5000 mg<\/td>\n<\/tr>\n<tr>\n<td colspan=\"3\">Taurin<\/td>\n<td colspan=\"2\">600 mg<\/td>\n<td colspan=\"2\">1000 mg<\/td>\n<\/tr>\n<tr>\n<td colspan=\"3\">Alanin<\/td>\n<td colspan=\"2\">4834 mg<\/td>\n<td colspan=\"2\">8057 mg<\/td>\n<\/tr>\n<tr>\n<td colspan=\"3\">Arginin<\/td>\n<td colspan=\"2\">4090 mg<\/td>\n<td colspan=\"2\">6817 mg<\/td>\n<\/tr>\n<tr>\n<td colspan=\"3\">Asparaginsyra<\/td>\n<td colspan=\"2\">3240 mg<\/td>\n<td colspan=\"2\">5401 mg<\/td>\n<\/tr>\n<tr>\n<td colspan=\"3\">Cystin<\/td>\n<td colspan=\"2\">53 mg<\/td>\n<td colspan=\"2\">89 mg<\/td>\n<\/tr>\n<tr>\n<td colspan=\"3\">Glutaminsyra<\/td>\n<td colspan=\"2\">6003 mg<\/td>\n<td colspan=\"2\">10005 mg<\/td>\n<\/tr>\n<tr>\n<td colspan=\"3\">Glycin<\/td>\n<td colspan=\"2\">9881 mg<\/td>\n<td colspan=\"2\">16468 mg<\/td>\n<\/tr>\n<tr>\n<td colspan=\"3\">Histidin<\/td>\n<td colspan=\"2\">531 mg<\/td>\n<td colspan=\"2\">885 mg<\/td>\n<\/tr>\n<tr>\n<td colspan=\"3\">Hydroxiprolin<\/td>\n<td colspan=\"2\">5472 mg<\/td>\n<td colspan=\"2\">9119 mg<\/td>\n<\/tr>\n<tr>\n<td colspan=\"3\">Isoleucin<\/td>\n<td colspan=\"2\">956 mg<\/td>\n<td colspan=\"2\">1594 mg<\/td>\n<\/tr>\n<tr>\n<td colspan=\"3\">Leucin<\/td>\n<td colspan=\"2\">2072 mg<\/td>\n<td colspan=\"2\">3453 mg<\/td>\n<\/tr>\n<tr>\n<td colspan=\"3\">Lysin<\/td>\n<td colspan=\"2\">2019 mg<\/td>\n<td colspan=\"2\">3364 mg<\/td>\n<\/tr>\n<tr>\n<td colspan=\"3\">Metionin<\/td>\n<td colspan=\"2\">531 mg<\/td>\n<td colspan=\"2\">885 mg<\/td>\n<\/tr>\n<tr>\n<td colspan=\"3\">Fenylalanin<\/td>\n<td colspan=\"2\">1275 mg<\/td>\n<td colspan=\"2\">2125 mg<\/td>\n<\/tr>\n<tr>\n<td colspan=\"3\">Prolin<\/td>\n<td colspan=\"2\">6056 mg<\/td>\n<td colspan=\"2\">10093 mg<\/td>\n<\/tr>\n<tr>\n<td colspan=\"3\">Serin<\/td>\n<td colspan=\"2\">1806 mg<\/td>\n<td colspan=\"2\">3010 mg<\/td>\n<\/tr>\n<tr>\n<td colspan=\"3\">Treonin<\/td>\n<td colspan=\"2\">1116 mg<\/td>\n<td colspan=\"2\">1859 mg<\/td>\n<\/tr>\n<tr>\n<td colspan=\"3\">Tryptofan<\/td>\n<td colspan=\"2\">212 mg<\/td>\n<td colspan=\"2\">354 mg<\/td>\n<\/tr>\n<tr>\n<td colspan=\"3\">Tyrosin<\/td>\n<td colspan=\"2\">478 mg<\/td>\n<td colspan=\"2\">797 mg<\/td>\n<\/tr>\n<tr>\n<td colspan=\"3\">Valin<\/td>\n<td colspan=\"2\">1647 mg<\/td>\n<td colspan=\"2\">2745 mg<\/td>\n<\/tr>\n<tr>\n<td colspan=\"7\">**N\u00e4ringsinformationen kan variera n\u00e5got mellan smakerna<\/td>\n<\/tr>\n<\/tbody>\n<\/table>\n<\/div>\n<\/div><div class=\"fusion-clearfix\"><\/div><\/div><\/div><\/div><\/div><\/p>\n","protected":false},"excerpt":{"rendered":"","protected":false},"author":1,"featured_media":0,"parent":12410,"menu_order":0,"comment_status":"closed","ping_status":"closed","template":"","meta":{"footnotes":""},"class_list":["post-12400","page","type-page","status-publish","hentry"],"_links":{"self":[{"href":"https:\/\/vikingforce.se\/sv\/wp-json\/wp\/v2\/pages\/12400","targetHints":{"allow":["GET"]}}],"collection":[{"href":"https:\/\/vikingforce.se\/sv\/wp-json\/wp\/v2\/pages"}],"about":[{"href":"https:\/\/vikingforce.se\/sv\/wp-json\/wp\/v2\/types\/page"}],"author":[{"embeddable":true,"href":"https:\/\/vikingforce.se\/sv\/wp-json\/wp\/v2\/users\/1"}],"replies":[{"embeddable":true,"href":"https:\/\/vikingforce.se\/sv\/wp-json\/wp\/v2\/comments?post=12400"}],"version-history":[{"count":13,"href":"https:\/\/vikingforce.se\/sv\/wp-json\/wp\/v2\/pages\/12400\/revisions"}],"predecessor-version":[{"id":23557,"href":"https:\/\/vikingforce.se\/sv\/wp-json\/wp\/v2\/pages\/12400\/revisions\/23557"}],"up":[{"embeddable":true,"href":"https:\/\/vikingforce.se\/sv\/wp-json\/wp\/v2\/pages\/12410"}],"wp:attachment":[{"href":"https:\/\/vikingforce.se\/sv\/wp-json\/wp\/v2\/media?parent=12400"}],"curies":[{"name":"wp","href":"https:\/\/api.w.org\/{rel}","templated":true}]}}