{"id":12394,"date":"2015-12-07T11:32:50","date_gmt":"2015-12-07T11:32:50","guid":{"rendered":"http:\/\/vikingforce.se\/sv\/bcaa-glutamine\/"},"modified":"2025-05-16T09:00:34","modified_gmt":"2025-05-16T09:00:34","slug":"bcaa-glutamine","status":"publish","type":"page","link":"https:\/\/vikingforce.se\/sv\/amino-acids\/bcaa-glutamine\/","title":{"rendered":"BCAA &#038; Glutamine &#8211; Swedish"},"content":{"rendered":"<p><div class=\"fusion-fullwidth fullwidth-box fusion-builder-row-1 nonhundred-percent-fullwidth non-hundred-percent-height-scrolling\" style=\"--awb-background-position:center top;--awb-border-color:#f6f6f6;--awb-border-radius-top-left:0px;--awb-border-radius-top-right:0px;--awb-border-radius-bottom-right:0px;--awb-border-radius-bottom-left:0px;--awb-padding-top:1px;--awb-padding-right:0px;--awb-padding-bottom:30px;--awb-padding-left:0px;--awb-background-color:#fff;--awb-border-sizes-top:1px;--awb-border-sizes-bottom:1px;--awb-flex-wrap:wrap;\" ><div class=\"fusion-builder-row fusion-row\"><div class=\"fusion-layout-column fusion_builder_column fusion-builder-column-0 fusion_builder_column_1_2 1_2 fusion-one-half fusion-column-first\" style=\"--awb-bg-size:cover;width:48%; margin-right: 4%;\"><div class=\"fusion-column-wrapper fusion-flex-column-wrapper-legacy\"><div class=\"fusion-sep-clear\"><\/div><div class=\"fusion-separator fusion-full-width-sep\" style=\"margin-left: auto;margin-right: auto;margin-top:60px;width:100%;\"><\/div><div class=\"fusion-sep-clear\"><\/div><div class=\"fusion-text fusion-text-1\"><p><img decoding=\"async\" class=\"wp-image-13935 size-full aligncenter\" src=\"https:\/\/vikingforce.se\/wp-content\/uploads\/2017\/03\/BCAA_glutamine.jpg\" alt=\"\" width=\"600\" height=\"740\" srcset=\"https:\/\/vikingforce.se\/wp-content\/uploads\/2017\/03\/BCAA_glutamine-243x300.jpg 243w, https:\/\/vikingforce.se\/wp-content\/uploads\/2017\/03\/BCAA_glutamine.jpg 600w\" sizes=\"(max-width: 600px) 100vw, 600px\" \/><\/p>\n<\/div><div class=\"fusion-clearfix\"><\/div><\/div><\/div><div class=\"fusion-layout-column fusion_builder_column fusion-builder-column-1 fusion_builder_column_1_2 1_2 fusion-one-half fusion-column-last\" style=\"--awb-bg-size:cover;width:48%;\"><div class=\"fusion-column-wrapper fusion-flex-column-wrapper-legacy\"><div class=\"fusion-sep-clear\"><\/div><div class=\"fusion-separator fusion-full-width-sep\" style=\"margin-left: auto;margin-right: auto;margin-top:30px;width:100%;\"><\/div><div class=\"fusion-sep-clear\"><\/div><div class=\"fusion-title title fusion-title-1 fusion-sep-none fusion-title-text fusion-title-size-one title-wg\" style=\"--awb-margin-bottom:5px;\"><h1 class=\"fusion-title-heading title-heading-left\" style=\"margin:0;\"><p style=\"text-align: center;\">VIKING BCAA &amp; GLUTAMINE<\/p><\/h1><\/div><div class=\"fusion-text fusion-text-2\"><p style=\"text-align: center;\">(Kosttillskott)<\/p>\n<\/div><div class=\"fusion-text fusion-text-3\"><p class=\"subtitle-wg\" style=\"text-align: center;\">Nettovikt: 400 g<\/p>\n<p class=\"subtitle-wg\" style=\"text-align: center;\">Serveringar\/Beh\u00e5llare : 31<\/p>\n<\/div><div class=\"fusion-clearfix\"><\/div><\/div><\/div><\/div><\/div><div class=\"fusion-fullwidth fullwidth-box fusion-builder-row-2 nonhundred-percent-fullwidth non-hundred-percent-height-scrolling\" style=\"--awb-border-color:#f6f6f6;--awb-border-radius-top-left:0px;--awb-border-radius-top-right:0px;--awb-border-radius-bottom-right:0px;--awb-border-radius-bottom-left:0px;--awb-padding-top:10px;--awb-padding-right:0px;--awb-padding-bottom:0px;--awb-padding-left:0px;--awb-background-color:#fff;--awb-border-sizes-top:0px;--awb-border-sizes-bottom:0px;--awb-flex-wrap:wrap;\" ><div class=\"fusion-builder-row fusion-row\"><div class=\"fusion-layout-column fusion_builder_column fusion-builder-column-2 fusion_builder_column_1_1 1_1 fusion-one-full fusion-column-first fusion-column-last\" style=\"--awb-bg-size:cover;\"><div class=\"fusion-column-wrapper fusion-flex-column-wrapper-legacy\"><div class=\"fusion-text fusion-text-4\"><p class=\"subtitle-aa\">Viking BCAA &amp; Glutamin<\/p>\n<p>\u00c4r vetenskapligt formulerad f\u00f6r att fr\u00e4mja full muskel\u00e5terh\u00e4mtning, tillv\u00e4xt och reparation samtidigt som den f\u00f6rhindrar muskelnedbrytning.<br \/>\nGlutamin \u00e4r den mest f\u00f6rekommande aminosyran som finns i m\u00e4nniskokroppen och \u00e4r utan tvekan den viktigaste i processen att bygga muskler och f\u00e5 styrka. F\u00f6rgrenade aminosyror (BCAA) \u00e4r de essentiella aminosyrorna: leucin, isoleucin och valin. Kombinationen av dessa tre essentiella aminosyror utg\u00f6r ungef\u00e4r 1\/3 av skelettmuskulaturen i m\u00e4nniskokroppen och spelar en viktig roll i proteinsyntesen och d\u00e4rmed muskeltillv\u00e4xt och -reparation.<br \/>\nBest\u00e5r av 5 g ren L-Glutamin och 5 g BCAAs 2:1:1-f\u00f6rh\u00e5llande, Viking BCAA &amp; Glutamin kommer att h\u00e5lla dig i ett positivt tillst\u00e5nd av tillv\u00e4xt och \u00e5terh\u00e4mtning.<br \/>\n\u2022 \u00e5terh\u00e4mtningstiden efter tr\u00e4ning<br \/>\n\u2022\u00a0 tr\u00e4ningsvinster<br \/>\n\u2022 proteinsyntesen<\/p>\n<\/div><div class=\"fusion-clearfix\"><\/div><\/div><\/div><div class=\"fusion-layout-column fusion_builder_column fusion-builder-column-3 fusion_builder_column_1_2 1_2 fusion-one-half fusion-column-first\" style=\"--awb-bg-size:cover;width:48%; margin-right: 4%;\"><div class=\"fusion-column-wrapper fusion-flex-column-wrapper-legacy\"><div class=\"fusion-text fusion-text-5\"><p class=\"subtitle-aa\">Anv\u00e4ndningsanvisning:<\/p>\n<p>Blanda en skopa (ca 11 g) med 2 dl vatten eller din favoritdryck. F\u00f6r b\u00e4sta resultat, anv\u00e4nd f\u00f6re och efter tr\u00e4ning och konsumera dagligen.<\/p>\n<p class=\"subtitle-aa\">Ingredienser:<\/p>\n<p>L-glutamin, L-leucin, L-valin, L-isoleucin, surhetsreglerande medel (citronsyra), smak\u00e4mnen, s\u00f6tningsmedel (sukralos, acesulfam k), f\u00e4rg (karmin (f\u00f6r hallon- och jordgubbssmak), riboflavin (f\u00f6r citronsmak), paprikaextrakt (f\u00f6r apelsinsmak)).<\/p>\n<p class=\"subtitle-aa\">Allergiinformation:<\/p>\n<p>Kan inneh\u00e5lla sp\u00e5r av mj\u00f6lk, soja, \u00e4gg och vete (gluten).<\/p>\n<p class=\"subtitle-aa\">Viktig information:<\/p>\n<p>Denna produkt \u00e4r ett kosttillskott. Anv\u00e4nd denna produkt tillsammans med mat som en del av en h\u00e4lsosam, balanserad kost, inte som en ers\u00e4ttning f\u00f6r s\u00e5dan. F\u00f6rvara utom r\u00e4ckh\u00e5ll f\u00f6r barn. Ej avsedd f\u00f6r anv\u00e4ndning av gravida eller ammande kvinnor! \u00d6verskrid inte den rekommenderade dagliga dosen.<br \/>\nF\u00f6rvara p\u00e5 en kall och torr plats. Uts\u00e4tt inte f\u00f6r stark v\u00e4rme, fukt eller solljus. Anv\u00e4nds f\u00f6re det utg\u00e5ngsdatum som \u00e4r skrivet p\u00e5 f\u00f6rpackningen.<\/p>\n<\/div><div class=\"fusion-clearfix\"><\/div><\/div><\/div><div class=\"fusion-layout-column fusion_builder_column fusion-builder-column-4 fusion_builder_column_1_2 1_2 fusion-one-half fusion-column-last\" style=\"--awb-bg-size:cover;width:48%;\"><div class=\"fusion-column-wrapper fusion-flex-column-wrapper-legacy\"><div class=\"fusion-text fusion-text-6\"><p class=\"subtitle-aa\">N\u00c4RINGSINNEH\u00c5LL<\/p>\n<\/div><div class=\"fusion-text fusion-text-7\"><div class=\"table-1\">\n<table class=\"tb\" width=\"100%\">\n<tbody>\n<tr class=\"table-row_border\">\n<td colspan=\"3\"><strong>N\u00e4ringsinneh\u00e5ll per:<\/strong><\/td>\n<td colspan=\"2\">1 portion (<strong>13 g<\/strong>)<\/td>\n<td colspan=\"2\"><strong>100 g<\/strong><\/td>\n<\/tr>\n<tr>\n<td colspan=\"3\">Energiv\u00e4rde<\/td>\n<td colspan=\"2\">198kJ\/46,6 kcal<\/td>\n<td colspan=\"2\">1523,2 kJ\/58,4 kcal<\/td>\n<\/tr>\n<tr>\n<td colspan=\"3\">Proteiner<\/td>\n<td colspan=\"2\">9g<\/td>\n<td colspan=\"2\">69,4g<\/td>\n<\/tr>\n<tr>\n<td colspan=\"3\">Kolhydrater<\/td>\n<td colspan=\"2\">2,6 g<\/td>\n<td colspan=\"2\">20,2 g<\/td>\n<\/tr>\n<tr>\n<td colspan=\"3\">varav sockerarter<\/td>\n<td colspan=\"2\">0,19 g<\/td>\n<td colspan=\"2\">1,5 g<\/td>\n<\/tr>\n<tr>\n<td colspan=\"3\">Fett<\/td>\n<td colspan=\"2\">0 g<\/td>\n<td colspan=\"2\">0 g<\/td>\n<\/tr>\n<tr>\n<td colspan=\"3\">varav m\u00e4ttad<\/td>\n<td colspan=\"2\">0 g<\/td>\n<td colspan=\"2\">0 g<\/td>\n<\/tr>\n<tr>\n<td colspan=\"3\">Kostfiber<\/td>\n<td colspan=\"2\">0 g<\/td>\n<td colspan=\"2\">0 g<\/td>\n<\/tr>\n<tr>\n<td colspan=\"3\">Natrium<\/td>\n<td colspan=\"2\">0 g<\/td>\n<td colspan=\"2\">0,03 g<\/td>\n<\/tr>\n<tr>\n<td colspan=\"3\">L-glutamin<\/td>\n<td colspan=\"2\">4000 mg<\/td>\n<td colspan=\"2\">31 g<\/td>\n<\/tr>\n<tr>\n<td colspan=\"3\">L-Leucin<\/td>\n<td colspan=\"2\">2000 mg<\/td>\n<td colspan=\"2\">15,4 g<\/td>\n<\/tr>\n<tr>\n<td colspan=\"3\">L-Valine<\/td>\n<td colspan=\"2\">1000 mg<\/td>\n<td colspan=\"2\">7,7 g<\/td>\n<\/tr>\n<tr>\n<td colspan=\"3\">L-Isoleucin<\/td>\n<td colspan=\"2\">1000 mg<\/td>\n<td colspan=\"2\">7,7 g<\/td>\n<\/tr>\n<tr>\n<td colspan=\"3\">Kollagenpeptider<\/td>\n<td colspan=\"2\">1000 mg<\/td>\n<td colspan=\"2\">8g<\/td>\n<\/tr>\n<tr>\n<td colspan=\"7\">NRV &#8211; N\u00e4ringsreferensv\u00e4rden<\/td>\n<\/tr>\n<\/tbody>\n<\/table>\n<\/div>\n<\/div><div class=\"fusion-clearfix\"><\/div><\/div><\/div><\/div><\/div><\/p>\n","protected":false},"excerpt":{"rendered":"","protected":false},"author":1,"featured_media":0,"parent":12370,"menu_order":0,"comment_status":"closed","ping_status":"closed","template":"","meta":{"footnotes":""},"class_list":["post-12394","page","type-page","status-publish","hentry"],"_links":{"self":[{"href":"https:\/\/vikingforce.se\/sv\/wp-json\/wp\/v2\/pages\/12394","targetHints":{"allow":["GET"]}}],"collection":[{"href":"https:\/\/vikingforce.se\/sv\/wp-json\/wp\/v2\/pages"}],"about":[{"href":"https:\/\/vikingforce.se\/sv\/wp-json\/wp\/v2\/types\/page"}],"author":[{"embeddable":true,"href":"https:\/\/vikingforce.se\/sv\/wp-json\/wp\/v2\/users\/1"}],"replies":[{"embeddable":true,"href":"https:\/\/vikingforce.se\/sv\/wp-json\/wp\/v2\/comments?post=12394"}],"version-history":[{"count":19,"href":"https:\/\/vikingforce.se\/sv\/wp-json\/wp\/v2\/pages\/12394\/revisions"}],"predecessor-version":[{"id":23528,"href":"https:\/\/vikingforce.se\/sv\/wp-json\/wp\/v2\/pages\/12394\/revisions\/23528"}],"up":[{"embeddable":true,"href":"https:\/\/vikingforce.se\/sv\/wp-json\/wp\/v2\/pages\/12370"}],"wp:attachment":[{"href":"https:\/\/vikingforce.se\/sv\/wp-json\/wp\/v2\/media?parent=12394"}],"curies":[{"name":"wp","href":"https:\/\/api.w.org\/{rel}","templated":true}]}}