{"id":12390,"date":"2015-12-09T10:05:20","date_gmt":"2015-12-09T10:05:20","guid":{"rendered":"http:\/\/vikingforce.se\/sv\/bcaa\/"},"modified":"2025-05-16T09:32:59","modified_gmt":"2025-05-16T09:32:59","slug":"bcaa","status":"publish","type":"page","link":"https:\/\/vikingforce.se\/sv\/amino-acids\/bcaa\/","title":{"rendered":"BCAA &#8211; Swedish"},"content":{"rendered":"<p><div class=\"fusion-fullwidth fullwidth-box fusion-builder-row-1 hundred-percent-fullwidth non-hundred-percent-height-scrolling fusion-equal-height-columns\" style=\"--awb-background-position:left top;--awb-border-color:#f6f6f6;--awb-border-radius-top-left:0px;--awb-border-radius-top-right:0px;--awb-border-radius-bottom-right:0px;--awb-border-radius-bottom-left:0px;--awb-padding-top:1px;--awb-padding-right:0px;--awb-padding-bottom:30px;--awb-padding-left:0px;--awb-background-color:#fff;--awb-border-sizes-top:0px;--awb-border-sizes-bottom:0px;--awb-flex-wrap:wrap;\" ><div class=\"fusion-builder-row fusion-row\"><div class=\"fusion-layout-column fusion_builder_column fusion-builder-column-0 fusion_builder_column_1_2 1_2 fusion-one-half fusion-column-first\" style=\"--awb-bg-size:cover;width:48%; margin-right: 4%;\"><div class=\"fusion-column-wrapper fusion-flex-column-wrapper-legacy\"><div class=\"fusion-sep-clear\"><\/div><div class=\"fusion-separator fusion-full-width-sep\" style=\"margin-left: auto;margin-right: auto;margin-top:60px;width:100%;\"><\/div><div class=\"fusion-sep-clear\"><\/div><div class=\"fusion-text fusion-text-1\"><p><img decoding=\"async\" class=\"wp-image-14070 size-full aligncenter\" src=\"https:\/\/vikingforce.se\/wp-content\/uploads\/2017\/03\/bcaa-caps1.jpg\" alt=\"\" width=\"600\" height=\"740\" srcset=\"https:\/\/vikingforce.se\/wp-content\/uploads\/2017\/03\/bcaa-caps1-243x300.jpg 243w, https:\/\/vikingforce.se\/wp-content\/uploads\/2017\/03\/bcaa-caps1.jpg 600w\" sizes=\"(max-width: 600px) 100vw, 600px\" \/><\/p>\n<\/div><div class=\"fusion-clearfix\"><\/div><\/div><\/div><div class=\"fusion-layout-column fusion_builder_column fusion-builder-column-1 fusion_builder_column_1_2 1_2 fusion-one-half fusion-column-last\" style=\"--awb-bg-size:cover;width:48%;\"><div class=\"fusion-column-wrapper fusion-flex-column-wrapper-legacy\"><div class=\"fusion-title title fusion-title-1 fusion-sep-none fusion-title-text fusion-title-size-one title-wg\" style=\"--awb-margin-bottom:5px;\"><h1 class=\"fusion-title-heading title-heading-left\" style=\"margin:0;\"><div style=\"text-align: center;\"><span style=\"font-size: var(--h1_typography-font-size); font-style: var(--h1_typography-font-style,normal); font-weight: var(--h1_typography-font-weight); letter-spacing: var(--h1_typography-letter-spacing);\">VIKING BCAA<\/span><\/div><\/h1><\/div><div class=\"fusion-text fusion-text-2\"><p style=\"text-align: center;\">(Kosttillskott)<\/p>\n<\/div><div class=\"fusion-text fusion-text-3\"><p class=\"subtitle-wg\" style=\"text-align: center;\">Nettovikt : 302 g<\/p>\n<p class=\"subtitle-wg\" style=\"text-align: center;\">240 Kapslar<\/p>\n<\/div><div class=\"fusion-clearfix\"><\/div><\/div><\/div><\/div><\/div><div class=\"fusion-fullwidth fullwidth-box fusion-builder-row-2 nonhundred-percent-fullwidth non-hundred-percent-height-scrolling\" style=\"--awb-border-color:#f6f6f6;--awb-border-radius-top-left:0px;--awb-border-radius-top-right:0px;--awb-border-radius-bottom-right:0px;--awb-border-radius-bottom-left:0px;--awb-padding-top:10px;--awb-padding-right:0px;--awb-padding-bottom:0px;--awb-padding-left:0px;--awb-background-color:#fff;--awb-border-sizes-top:0px;--awb-border-sizes-bottom:0px;--awb-flex-wrap:wrap;\" ><div class=\"fusion-builder-row fusion-row\"><div class=\"fusion-layout-column fusion_builder_column fusion-builder-column-2 fusion_builder_column_2_5 2_5 fusion-two-fifth fusion-column-first\" style=\"--awb-bg-size:cover;width:37.6%; margin-right: 4%;\"><div class=\"fusion-column-wrapper fusion-flex-column-wrapper-legacy\"><div class=\"fusion-text fusion-text-4\"><p class=\"subtitle-aa\">Viking BCAA<\/p>\n<p>Grenadekedjade aminosyror (BCAA) kan fr\u00e4mja muskelproteinsyntes och \u00f6ka muskeltillv\u00e4xten \u00f6ver tid. Det kan ocks\u00e5 anv\u00e4ndas f\u00f6r att f\u00f6rhindra tr\u00f6tthet hos nyb\u00f6rjaridrottare.<br \/>\nLeucin spelar en viktig roll i muskelproteinsyntesen, medan isoleucin inducerar glukosupptag i celler. Under tr\u00e4ning minskar serumhalten av BCAA, vilket normalt skulle leda till en tryptofaninflux till hj\u00e4rnan, f\u00f6ljt av serotoninproduktion, vilket orsakar tr\u00f6tthet. Att tills\u00e4tta BCAA kan f\u00f6rhindra en s\u00e5dan serumminskning av BCAA och d\u00e4rmed f\u00f6rhindra tr\u00f6tthet.<\/p>\n<p class=\"subtitle-aa\">Anv\u00e4ndningsriktning:<\/p>\n<p>Ta 3 kapslar 3 g\u00e5nger om dagen, dricka med mycket vatten &#8211; f\u00f6re frukost, f\u00f6re tr\u00e4ning, efter tr\u00e4ning eller f\u00f6re s\u00f6mnen.<\/p>\n<p class=\"subtitle-aa\">Ingredienser:<\/p>\n<p>L-Leucin, L-Valin, L-Isoleucin, Vitamin B6 (Pyridoxine HCL)<\/p>\n<p class=\"subtitle-aa\">Andra ingredienser:<\/p>\n<p>Gelatin (kapselskal)<\/p>\n<\/div><div class=\"fusion-clearfix\"><\/div><\/div><\/div><div class=\"fusion-layout-column fusion_builder_column fusion-builder-column-3 fusion_builder_column_3_5 3_5 fusion-three-fifth fusion-column-last\" style=\"--awb-bg-size:cover;width:58.4%;\"><div class=\"fusion-column-wrapper fusion-flex-column-wrapper-legacy\"><div class=\"fusion-text fusion-text-5\"><p class=\"subtitle-aa\">N\u00c4RINGSV\u00c4RDEN<\/p>\n<\/div><div class=\"fusion-text fusion-text-6\"><div class=\"table-1\">\n<table class=\"tb\" width=\"100%\">\n<tbody>\n<tr class=\"table-row_border\">\n<td colspan=\"3\"><strong>N\u00e4ringsinneh\u00e5ll per:<\/strong><\/td>\n<td><strong>3 kapslar<\/strong><\/td>\n<td><strong>9 kapslar<\/strong><\/td>\n<td><strong>per 100 g<\/strong><\/td>\n<\/tr>\n<tr>\n<td colspan=\"3\">Grenade aminosyror BCAA<\/td>\n<td>3,3 g<\/td>\n<td>9,9 g<\/td>\n<td>86 g<\/td>\n<\/tr>\n<tr>\n<td colspan=\"3\">L-leucin<\/td>\n<td>1,65 g<\/td>\n<td>4,95 g<\/td>\n<td>43 g<\/td>\n<\/tr>\n<tr>\n<td colspan=\"3\">L-valin<\/td>\n<td>0,83 g<\/td>\n<td>2,48 g<\/td>\n<td>21,5 g<\/td>\n<\/tr>\n<tr>\n<td colspan=\"3\">L-isoleucin<\/td>\n<td>0,83 g<\/td>\n<td>2,48 g<\/td>\n<td>21,5 g<\/td>\n<\/tr>\n<tr>\n<td colspan=\"3\">Vitamin B6<\/td>\n<td>0,7 mg (50 %*)<\/td>\n<td>2,1 mg (150 %*)<\/td>\n<td>20 mg (1428 %*)<\/td>\n<\/tr>\n<tr>\n<td colspan=\"7\">* NRV &#8211; N\u00e4ringsreferensv\u00e4rden<\/td>\n<\/tr>\n<\/tbody>\n<\/table>\n<\/div>\n<\/div><div class=\"fusion-clearfix\"><\/div><\/div><\/div><\/div><\/div><\/p>\n","protected":false},"excerpt":{"rendered":"","protected":false},"author":1,"featured_media":0,"parent":12370,"menu_order":0,"comment_status":"closed","ping_status":"closed","template":"","meta":{"footnotes":""},"class_list":["post-12390","page","type-page","status-publish","hentry"],"_links":{"self":[{"href":"https:\/\/vikingforce.se\/sv\/wp-json\/wp\/v2\/pages\/12390","targetHints":{"allow":["GET"]}}],"collection":[{"href":"https:\/\/vikingforce.se\/sv\/wp-json\/wp\/v2\/pages"}],"about":[{"href":"https:\/\/vikingforce.se\/sv\/wp-json\/wp\/v2\/types\/page"}],"author":[{"embeddable":true,"href":"https:\/\/vikingforce.se\/sv\/wp-json\/wp\/v2\/users\/1"}],"replies":[{"embeddable":true,"href":"https:\/\/vikingforce.se\/sv\/wp-json\/wp\/v2\/comments?post=12390"}],"version-history":[{"count":11,"href":"https:\/\/vikingforce.se\/sv\/wp-json\/wp\/v2\/pages\/12390\/revisions"}],"predecessor-version":[{"id":23535,"href":"https:\/\/vikingforce.se\/sv\/wp-json\/wp\/v2\/pages\/12390\/revisions\/23535"}],"up":[{"embeddable":true,"href":"https:\/\/vikingforce.se\/sv\/wp-json\/wp\/v2\/pages\/12370"}],"wp:attachment":[{"href":"https:\/\/vikingforce.se\/sv\/wp-json\/wp\/v2\/media?parent=12390"}],"curies":[{"name":"wp","href":"https:\/\/api.w.org\/{rel}","templated":true}]}}