{"id":12385,"date":"2015-12-09T10:15:50","date_gmt":"2015-12-09T10:15:50","guid":{"rendered":"http:\/\/vikingforce.se\/sv\/amino-liquid\/"},"modified":"2025-05-16T09:37:18","modified_gmt":"2025-05-16T09:37:18","slug":"amino-liquid","status":"publish","type":"page","link":"https:\/\/vikingforce.se\/sv\/amino-acids\/amino-liquid\/","title":{"rendered":"Amino Liquid &#8211; Swedish"},"content":{"rendered":"<p><div class=\"fusion-fullwidth fullwidth-box fusion-builder-row-1 nonhundred-percent-fullwidth non-hundred-percent-height-scrolling\" style=\"--awb-background-position:center top;--awb-border-color:#f6f6f6;--awb-border-radius-top-left:0px;--awb-border-radius-top-right:0px;--awb-border-radius-bottom-right:0px;--awb-border-radius-bottom-left:0px;--awb-padding-top:1px;--awb-padding-right:0px;--awb-padding-bottom:30px;--awb-padding-left:0px;--awb-background-color:#fff;--awb-border-sizes-top:1px;--awb-border-sizes-bottom:1px;--awb-flex-wrap:wrap;\" ><div class=\"fusion-builder-row fusion-row\"><div class=\"fusion-layout-column fusion_builder_column fusion-builder-column-0 fusion_builder_column_1_2 1_2 fusion-one-half fusion-column-first\" style=\"--awb-bg-size:cover;width:48%; margin-right: 4%;\"><div class=\"fusion-column-wrapper fusion-flex-column-wrapper-legacy\"><div class=\"fusion-sep-clear\"><\/div><div class=\"fusion-separator fusion-full-width-sep\" style=\"margin-left: auto;margin-right: auto;margin-top:60px;width:100%;\"><\/div><div class=\"fusion-sep-clear\"><\/div><div class=\"fusion-text fusion-text-1\"><p><img decoding=\"async\" class=\" wp-image-11653 aligncenter\" src=\"https:\/\/vikingforce.se\/wp-content\/uploads\/2015\/11\/amino-liquid1.png\" alt=\"amino-liquid\" width=\"291\" height=\"401\" srcset=\"https:\/\/vikingforce.se\/wp-content\/uploads\/2015\/11\/amino-liquid1-217x300.png 217w, https:\/\/vikingforce.se\/wp-content\/uploads\/2015\/11\/amino-liquid1.png 526w\" sizes=\"(max-width: 291px) 100vw, 291px\" \/><\/p>\n<\/div><div class=\"fusion-clearfix\"><\/div><\/div><\/div><div class=\"fusion-layout-column fusion_builder_column fusion-builder-column-1 fusion_builder_column_1_2 1_2 fusion-one-half fusion-column-last\" style=\"--awb-bg-size:cover;width:48%;\"><div class=\"fusion-column-wrapper fusion-flex-column-wrapper-legacy\"><div class=\"fusion-title title fusion-title-1 fusion-sep-none fusion-title-text fusion-title-size-one title-wg\" style=\"--awb-margin-bottom:5px;\"><h1 class=\"fusion-title-heading title-heading-left\" style=\"margin:0;\"><p style=\"text-align: center;\">VIKING AMINO LIQUID<\/p><\/h1><\/div><div class=\"fusion-text fusion-text-2\"><p style=\"text-align: center;\">(Kosttillskott)<\/p>\n<\/div><div class=\"fusion-text fusion-text-3\"><p class=\"subtitle-wg\" style=\"text-align: center;\">Nettovikt: 948 ml (32 fl. oz.)<\/p>\n<p class=\"subtitle-wg\" style=\"text-align: center;\">Serveringar\/Beh\u00e5llare: 23<\/p>\n<\/div><div class=\"fusion-clearfix\"><\/div><\/div><\/div><\/div><\/div><div class=\"fusion-fullwidth fullwidth-box fusion-builder-row-2 nonhundred-percent-fullwidth non-hundred-percent-height-scrolling\" style=\"--awb-border-color:#f6f6f6;--awb-border-radius-top-left:0px;--awb-border-radius-top-right:0px;--awb-border-radius-bottom-right:0px;--awb-border-radius-bottom-left:0px;--awb-padding-top:10px;--awb-padding-right:0px;--awb-padding-bottom:0px;--awb-padding-left:0px;--awb-background-color:#fff;--awb-border-sizes-top:0px;--awb-border-sizes-bottom:0px;--awb-flex-wrap:wrap;\" ><div class=\"fusion-builder-row fusion-row\"><div class=\"fusion-layout-column fusion_builder_column fusion-builder-column-2 fusion_builder_column_1_1 1_1 fusion-one-full fusion-column-first fusion-column-last\" style=\"--awb-bg-size:cover;\"><div class=\"fusion-column-wrapper fusion-flex-column-wrapper-legacy\"><div class=\"fusion-text fusion-text-4\"><p class=\"subtitle-aa\">Viking Amino Liquid<\/p>\n<p>Best\u00e5r av hydrolyserat kollagenprotein och rekommenderas f\u00f6r individer som tr\u00e4nar intensivt. Kollagen \u00e4r ett fibr\u00f6st protein som utg\u00f6r en tredjedel av alla proteiner i kroppen. Kollagen finns rikligt i ben, brosk, h\u00e5r, hud och naglar. Ocks\u00e5 vitamin C (askorbinsyra) \u00e4r n\u00f6dv\u00e4ndigt i v\u00e5r kropp f\u00f6r bildandet av kollagen, i skelett, brosk, muskler och blodk\u00e4rl.<br \/>\n\u2022 Anabol formel<br \/>\n\u2022 Snabb \u00e5terh\u00e4mtning<br \/>\n\u2022 23 portioner, 15000 mg aminosyror \/ portion<\/p>\n<p><span style=\"color: #009746;\"><b>Smak:<\/b><span style=\"color: #747474;\"> Orange<\/span><\/span><\/p>\n<\/div><div class=\"fusion-clearfix\"><\/div><\/div><\/div><div class=\"fusion-layout-column fusion_builder_column fusion-builder-column-3 fusion_builder_column_1_2 1_2 fusion-one-half fusion-column-first\" style=\"--awb-bg-size:cover;width:48%; margin-right: 4%;\"><div class=\"fusion-column-wrapper fusion-flex-column-wrapper-legacy\"><div class=\"fusion-text fusion-text-5\"><p class=\"subtitle-aa\">Anv\u00e4ndningsanvisning:<\/p>\n<p>Ta en m\u00e5tt skopa (40 ml) dagligen.<\/p>\n<p class=\"subtitle-aa\">Ingredienser:<\/p>\n<p>Renat vatten, kollagenhydrolysat, surhetsreglerande medel (citronsyra), antioxidant (vitamin C), konserveringsmedel (kaliumsorbat, natriumbensoat), naturliga s\u00f6tningsmedel (steviolglykosider), arom, konstgjorda s\u00f6tningsmedel (sukralos, acesulfam k), pyridoxinhydroklorid (vitamin B6).<\/p>\n<p class=\"subtitle-aa\">Allergiinformation:<\/p>\n<p>Produkten kan inneh\u00e5lla sp\u00e5r av soja, mj\u00f6lk, \u00e4gg eller veteprotein.<\/p>\n<p class=\"subtitle-aa\">Viktig information:<\/p>\n<p>Denna produkt \u00e4r ett kosttillskott. Anv\u00e4nd denna produkt tillsammans med mat som en del av en h\u00e4lsosam, balanserad kost, inte som en ers\u00e4ttning f\u00f6r s\u00e5dan. F\u00f6rvara utom r\u00e4ckh\u00e5ll f\u00f6r barn. Ej avsedd f\u00f6r anv\u00e4ndning av gravida eller ammande kvinnor! \u00d6verskrid inte den rekommenderade dagliga dosen.<br \/>\nF\u00f6rvara p\u00e5 en kall och torr plats. Uts\u00e4tt inte f\u00f6r stark v\u00e4rme, fukt eller solljus. B\u00e4st f\u00f6re utg\u00e5ngsdatumet skrivet p\u00e5 f\u00f6rpackningen.<\/p>\n<\/div><div class=\"fusion-clearfix\"><\/div><\/div><\/div><div class=\"fusion-layout-column fusion_builder_column fusion-builder-column-4 fusion_builder_column_1_2 1_2 fusion-one-half fusion-column-last\" style=\"--awb-bg-size:cover;width:48%;\"><div class=\"fusion-column-wrapper fusion-flex-column-wrapper-legacy\"><div class=\"fusion-text fusion-text-6\"><p class=\"subtitle-aa\">N\u00c4RINGSFAKTA<\/p>\n<\/div><div class=\"fusion-text fusion-text-7\"><div class=\"table-1\">\n<table class=\"tb\" width=\"100%\">\n<tbody>\n<tr class=\"table-row_border\">\n<td colspan=\"3\"><strong>N\u00e4ringsinneh\u00e5ll per:<\/strong><\/td>\n<td colspan=\"2\"><strong>40 ml<\/strong><\/td>\n<td colspan=\"2\"><strong>100 ml<\/strong><\/td>\n<\/tr>\n<tr>\n<td colspan=\"3\">Energiv\u00e4rde<\/td>\n<td colspan=\"2\">60 kcal \/ 255 kJ<\/td>\n<td colspan=\"2\">150 kcal \/ 637,5 kJ<\/td>\n<\/tr>\n<tr>\n<td colspan=\"3\">Proteiner<\/td>\n<td colspan=\"2\">15 g<\/td>\n<td colspan=\"2\">37,5 g<\/td>\n<\/tr>\n<tr>\n<td colspan=\"3\">Kolhydrater<\/td>\n<td colspan=\"2\">0 g<\/td>\n<td colspan=\"2\">0 g<\/td>\n<\/tr>\n<tr>\n<td colspan=\"3\">Fett<\/td>\n<td colspan=\"2\">0 g<\/td>\n<td colspan=\"2\">0 g<\/td>\n<\/tr>\n<tr>\n<td colspan=\"3\">C-vitamin<\/td>\n<td colspan=\"1\">100 mg<\/td>\n<td colspan=\"1\">125 % *<\/td>\n<td colspan=\"1\">250 mg<\/td>\n<td colspan=\"1\">312.5 % *<\/td>\n<\/tr>\n<tr>\n<td colspan=\"3\">Vitamin B6<\/td>\n<td colspan=\"1\">3 mg<\/td>\n<td colspan=\"1\">214,3 % *<\/td>\n<td colspan=\"1\">7,5 mg<\/td>\n<td colspan=\"1\">535,7 % *<\/td>\n<\/tr>\n<tr>\n<td colspan=\"7\">*%\u00a0 NRV &#8211; N\u00e4ringsreferensv\u00e4rden (baserat p\u00e5 en diet p\u00e5 2 000 kalorier)<\/td>\n<\/tr>\n<\/tbody>\n<\/table>\n<\/div>\n<\/div><div class=\"fusion-clearfix\"><\/div><\/div><\/div><\/div><\/div><\/p>\n","protected":false},"excerpt":{"rendered":"","protected":false},"author":1,"featured_media":0,"parent":12370,"menu_order":0,"comment_status":"closed","ping_status":"closed","template":"","meta":{"footnotes":""},"class_list":["post-12385","page","type-page","status-publish","hentry"],"_links":{"self":[{"href":"https:\/\/vikingforce.se\/sv\/wp-json\/wp\/v2\/pages\/12385","targetHints":{"allow":["GET"]}}],"collection":[{"href":"https:\/\/vikingforce.se\/sv\/wp-json\/wp\/v2\/pages"}],"about":[{"href":"https:\/\/vikingforce.se\/sv\/wp-json\/wp\/v2\/types\/page"}],"author":[{"embeddable":true,"href":"https:\/\/vikingforce.se\/sv\/wp-json\/wp\/v2\/users\/1"}],"replies":[{"embeddable":true,"href":"https:\/\/vikingforce.se\/sv\/wp-json\/wp\/v2\/comments?post=12385"}],"version-history":[{"count":15,"href":"https:\/\/vikingforce.se\/sv\/wp-json\/wp\/v2\/pages\/12385\/revisions"}],"predecessor-version":[{"id":23538,"href":"https:\/\/vikingforce.se\/sv\/wp-json\/wp\/v2\/pages\/12385\/revisions\/23538"}],"up":[{"embeddable":true,"href":"https:\/\/vikingforce.se\/sv\/wp-json\/wp\/v2\/pages\/12370"}],"wp:attachment":[{"href":"https:\/\/vikingforce.se\/sv\/wp-json\/wp\/v2\/media?parent=12385"}],"curies":[{"name":"wp","href":"https:\/\/api.w.org\/{rel}","templated":true}]}}