{"id":12365,"date":"2015-12-09T10:00:26","date_gmt":"2015-12-09T10:00:26","guid":{"rendered":"http:\/\/vikingforce.se\/sv\/amino\/"},"modified":"2025-05-16T09:31:43","modified_gmt":"2025-05-16T09:31:43","slug":"amino","status":"publish","type":"page","link":"https:\/\/vikingforce.se\/sv\/amino-acids\/amino\/","title":{"rendered":"Amino &#8211; Swedish"},"content":{"rendered":"<p><div class=\"fusion-fullwidth fullwidth-box fusion-builder-row-1 nonhundred-percent-fullwidth non-hundred-percent-height-scrolling\" style=\"--awb-background-position:center top;--awb-border-color:#f6f6f6;--awb-border-radius-top-left:0px;--awb-border-radius-top-right:0px;--awb-border-radius-bottom-right:0px;--awb-border-radius-bottom-left:0px;--awb-padding-top:1px;--awb-padding-right:0px;--awb-padding-bottom:30px;--awb-padding-left:0px;--awb-background-color:#fff;--awb-border-sizes-top:1px;--awb-border-sizes-bottom:1px;--awb-flex-wrap:wrap;\" ><div class=\"fusion-builder-row fusion-row\"><div class=\"fusion-layout-column fusion_builder_column fusion-builder-column-0 fusion_builder_column_1_2 1_2 fusion-one-half fusion-column-first\" style=\"--awb-bg-size:cover;width:48%; margin-right: 4%;\"><div class=\"fusion-column-wrapper fusion-flex-column-wrapper-legacy\"><div class=\"fusion-sep-clear\"><\/div><div class=\"fusion-separator fusion-full-width-sep\" style=\"margin-left: auto;margin-right: auto;margin-top:60px;width:100%;\"><\/div><div class=\"fusion-sep-clear\"><\/div><div class=\"fusion-text fusion-text-1\"><p style=\"text-align: center;\"><img decoding=\"async\" class=\"alignnone size-full wp-image-13931\" src=\"https:\/\/vikingforce.se\/wp-content\/uploads\/2017\/03\/amino.jpg\" alt=\"\" width=\"600\" height=\"740\" srcset=\"https:\/\/vikingforce.se\/wp-content\/uploads\/2017\/03\/amino-243x300.jpg 243w, https:\/\/vikingforce.se\/wp-content\/uploads\/2017\/03\/amino.jpg 600w\" sizes=\"(max-width: 600px) 100vw, 600px\" \/><\/p>\n<\/div><div class=\"fusion-clearfix\"><\/div><\/div><\/div><div class=\"fusion-layout-column fusion_builder_column fusion-builder-column-1 fusion_builder_column_1_2 1_2 fusion-one-half fusion-column-last\" style=\"--awb-bg-size:cover;width:48%;\"><div class=\"fusion-column-wrapper fusion-flex-column-wrapper-legacy\"><div class=\"fusion-title title fusion-title-1 fusion-sep-none fusion-title-text fusion-title-size-one title-wg\" style=\"--awb-margin-bottom:5px;\"><h1 class=\"fusion-title-heading title-heading-left\" style=\"margin:0;\"><div style=\"text-align: center;\"><span style=\"font-size: var(--h1_typography-font-size); font-style: var(--h1_typography-font-style,normal); font-weight: var(--h1_typography-font-weight); letter-spacing: var(--h1_typography-letter-spacing);\">VIKING AMINO<\/span><\/div><\/h1><\/div><div class=\"fusion-text fusion-text-2\"><p style=\"text-align: center;\">(Kosttillskott)<\/p>\n<\/div><div class=\"fusion-text fusion-text-3\"><p class=\"subtitle-wg\" style=\"text-align: center;\">Nettovikt: 480 g<\/p>\n<\/div><div class=\"fusion-text fusion-text-4\"><p class=\"subtitle-wg\" style=\"text-align: center;\">300 Tabletter<\/p>\n<\/div><div class=\"fusion-clearfix\"><\/div><\/div><\/div><\/div><\/div><div class=\"fusion-fullwidth fullwidth-box fusion-builder-row-2 nonhundred-percent-fullwidth non-hundred-percent-height-scrolling\" style=\"--awb-border-color:#f6f6f6;--awb-border-radius-top-left:0px;--awb-border-radius-top-right:0px;--awb-border-radius-bottom-right:0px;--awb-border-radius-bottom-left:0px;--awb-padding-top:10px;--awb-padding-right:0px;--awb-padding-bottom:0px;--awb-padding-left:0px;--awb-background-color:#fff;--awb-border-sizes-top:0px;--awb-border-sizes-bottom:0px;--awb-flex-wrap:wrap;\" ><div class=\"fusion-builder-row fusion-row\"><div class=\"fusion-layout-column fusion_builder_column fusion-builder-column-2 fusion_builder_column_1_1 1_1 fusion-one-full fusion-column-first fusion-column-last\" style=\"--awb-bg-size:cover;\"><div class=\"fusion-column-wrapper fusion-flex-column-wrapper-legacy\"><div class=\"fusion-text fusion-text-5\"><p class=\"subtitle-aa\">Viking Amino<\/p>\n<p>Peptidbundna aminosyror h\u00e4rr\u00f6rande fr\u00e5n naturligt enzymatisk sm\u00e4ltning av vassleproteinisolat. Viking Amino \u00e4r ett extremt starkt aminosyratillskott med 7 g hydrolyserat (Pre-Digested) vassleprotein per portion.<br \/>\nDet \u00e4r en perfekt k\u00e4lla till protein f\u00f6r alla som vill \u00f6ka sitt proteinintag utan att l\u00e4gga till kalorier.<br \/>\n\u2022 Ingredienser av h\u00f6gsta kvalitet<\/p>\n<\/div><div class=\"fusion-clearfix\"><\/div><\/div><\/div><div class=\"fusion-layout-column fusion_builder_column fusion-builder-column-3 fusion_builder_column_1_2 1_2 fusion-one-half fusion-column-first\" style=\"--awb-bg-size:cover;width:48%; margin-right: 4%;\"><div class=\"fusion-column-wrapper fusion-flex-column-wrapper-legacy\"><div class=\"fusion-text fusion-text-6\"><p class=\"subtitle-aa\">Anv\u00e4ndningsanvisning:<\/p>\n<p>Ta mellan 6 och 12 tabletter dagligen, med vatten, mellan m\u00e5ltiderna.<\/p>\n<p class=\"subtitle-aa\">Ingredienser:<\/p>\n<p>F\u00f6rsm\u00e4lta vasslepeptider, bulkmedel (mikrokristallin cellulosa), antiklumpningsmedel (magnesiumstearat, kiseldioxid).<\/p>\n<p class=\"subtitle-aa\">Allergiinformation:<\/p>\n<p>Kan inneh\u00e5lla sp\u00e5r av mj\u00f6lk, soja, \u00e4gg och vete (gluten).<\/p>\n<p class=\"subtitle-aa\">Viktig information:<\/p>\n<p>Denna produkt \u00e4r ett kosttillskott. Anv\u00e4nd denna produkt tillsammans med mat som en del av en h\u00e4lsosam, balanserad kost, inte som en ers\u00e4ttning f\u00f6r s\u00e5dan. F\u00f6rvara utom r\u00e4ckh\u00e5ll f\u00f6r barn. Ej avsedd f\u00f6r anv\u00e4ndning av gravida eller ammande kvinnor! \u00d6verskrid inte den rekommenderade dagliga dosen.<br \/>\nF\u00f6rvara p\u00e5 en kall och torr plats. Uts\u00e4tt inte f\u00f6r stark v\u00e4rme, fukt eller solljus. Bast f\u00f6re det utg\u00e5ngsdatum som \u00e4r skrivet p\u00e5 f\u00f6rpackningen<\/p>\n<\/div><div class=\"fusion-clearfix\"><\/div><\/div><\/div><div class=\"fusion-layout-column fusion_builder_column fusion-builder-column-4 fusion_builder_column_1_2 1_2 fusion-one-half fusion-column-last\" style=\"--awb-bg-size:cover;width:48%;\"><div class=\"fusion-column-wrapper fusion-flex-column-wrapper-legacy\"><div class=\"fusion-text fusion-text-7\"><p class=\"subtitle-aa\">N\u00c4RINGSFAKTA<\/p>\n<\/div><div class=\"fusion-text fusion-text-8\"><div class=\"table-1\">\n<table class=\"tb\" width=\"100%\">\n<tbody>\n<tr class=\"table-row_border\">\n<td colspan=\"5\"><strong>N\u00e4ringsinneh\u00e5ll per:<\/strong><\/td>\n<td colspan=\"5\">1 portion (6 tabletter 9,6 g)<\/td>\n<\/tr>\n<tr>\n<td colspan=\"5\">Energiv\u00e4rde<\/td>\n<td colspan=\"5\">35 kcal\/149 kJ<\/td>\n<\/tr>\n<tr>\n<td colspan=\"5\">Proteiner<\/td>\n<td colspan=\"5\">7,1 g<\/td>\n<\/tr>\n<tr>\n<td colspan=\"5\">Kolhydrater<\/td>\n<td colspan=\"5\">5 g<\/td>\n<\/tr>\n<tr>\n<td colspan=\"5\">\u00a0varav socker<\/td>\n<td colspan=\"5\">0,5 g<\/td>\n<\/tr>\n<tr>\n<td colspan=\"5\">Fett<\/td>\n<td colspan=\"5\">2,5 g<\/td>\n<\/tr>\n<tr>\n<td colspan=\"5\">\u00a0varav m\u00e4ttad<\/td>\n<td colspan=\"5\">0,2 g<\/td>\n<\/tr>\n<tr>\n<td colspan=\"5\">Fibrer<\/td>\n<td colspan=\"5\">0 g<\/td>\n<\/tr>\n<tr>\n<td colspan=\"5\">Natrium<\/td>\n<td colspan=\"5\">\u00a00,1 g<\/td>\n<\/tr>\n<tr>\n<td colspan=\"10\"><strong>Aminosyraprofil per 100 g<\/strong><\/td>\n<\/tr>\n<tr>\n<td colspan=\"3\">L-Alanine<\/td>\n<td colspan=\"2\">5000 mg<\/td>\n<td colspan=\"3\">L-arginin<\/td>\n<td colspan=\"2\">2600 mg<\/td>\n<\/tr>\n<tr>\n<td colspan=\"3\">L-asparagin<\/td>\n<td colspan=\"2\">11200 mg<\/td>\n<td colspan=\"3\">L-Cystein<\/td>\n<td colspan=\"2\">2500 mg<\/td>\n<\/tr>\n<tr>\n<td colspan=\"3\">L-glutamin<\/td>\n<td colspan=\"2\">15900 mg<\/td>\n<td colspan=\"3\">Glycin<\/td>\n<td colspan=\"2\">2000 mg<\/td>\n<\/tr>\n<tr>\n<td colspan=\"3\">L-Histidin<\/td>\n<td colspan=\"2\">2600 mg<\/td>\n<td colspan=\"3\">L-Isoleucin<\/td>\n<td colspan=\"2\">6100 mg<\/td>\n<\/tr>\n<tr>\n<td colspan=\"3\">L-Leucin<\/td>\n<td colspan=\"2\">10500 mg<\/td>\n<td colspan=\"3\">L-lysin<\/td>\n<td colspan=\"2\">8900 mg<\/td>\n<\/tr>\n<tr>\n<td colspan=\"3\">L-metionin<\/td>\n<td colspan=\"2\">2300 mg<\/td>\n<td colspan=\"3\">L-Fenylalanin<\/td>\n<td colspan=\"2\">3100 mg<\/td>\n<\/tr>\n<tr>\n<td colspan=\"3\">L-Proline<\/td>\n<td colspan=\"2\">6300 mg<\/td>\n<td colspan=\"3\">L-Serine<\/td>\n<td colspan=\"2\">4500 mg<\/td>\n<\/tr>\n<tr>\n<td colspan=\"3\">L-Treonine<\/td>\n<td colspan=\"2\">7300 mg<\/td>\n<td colspan=\"3\">L-Tryptofan<\/td>\n<td colspan=\"2\">2000 mg<\/td>\n<\/tr>\n<tr>\n<td colspan=\"3\">L-tyrosin<\/td>\n<td colspan=\"2\">2700 mg<\/td>\n<td colspan=\"3\">L-Valine<\/td>\n<td colspan=\"2\">5500 mg<\/td>\n<\/tr>\n<\/tbody>\n<\/table>\n<\/div>\n<\/div><div class=\"fusion-clearfix\"><\/div><\/div><\/div><\/div><\/div><\/p>\n","protected":false},"excerpt":{"rendered":"","protected":false},"author":1,"featured_media":0,"parent":12370,"menu_order":0,"comment_status":"closed","ping_status":"closed","template":"","meta":{"footnotes":""},"class_list":["post-12365","page","type-page","status-publish","hentry"],"_links":{"self":[{"href":"https:\/\/vikingforce.se\/sv\/wp-json\/wp\/v2\/pages\/12365","targetHints":{"allow":["GET"]}}],"collection":[{"href":"https:\/\/vikingforce.se\/sv\/wp-json\/wp\/v2\/pages"}],"about":[{"href":"https:\/\/vikingforce.se\/sv\/wp-json\/wp\/v2\/types\/page"}],"author":[{"embeddable":true,"href":"https:\/\/vikingforce.se\/sv\/wp-json\/wp\/v2\/users\/1"}],"replies":[{"embeddable":true,"href":"https:\/\/vikingforce.se\/sv\/wp-json\/wp\/v2\/comments?post=12365"}],"version-history":[{"count":17,"href":"https:\/\/vikingforce.se\/sv\/wp-json\/wp\/v2\/pages\/12365\/revisions"}],"predecessor-version":[{"id":23534,"href":"https:\/\/vikingforce.se\/sv\/wp-json\/wp\/v2\/pages\/12365\/revisions\/23534"}],"up":[{"embeddable":true,"href":"https:\/\/vikingforce.se\/sv\/wp-json\/wp\/v2\/pages\/12370"}],"wp:attachment":[{"href":"https:\/\/vikingforce.se\/sv\/wp-json\/wp\/v2\/media?parent=12365"}],"curies":[{"name":"wp","href":"https:\/\/api.w.org\/{rel}","templated":true}]}}