{"id":12360,"date":"2015-12-09T11:55:40","date_gmt":"2015-12-09T11:55:40","guid":{"rendered":"http:\/\/vikingforce.se\/sv\/alc\/"},"modified":"2025-05-16T10:46:55","modified_gmt":"2025-05-16T10:46:55","slug":"alc","status":"publish","type":"page","link":"https:\/\/vikingforce.se\/sv\/fat-burners\/alc\/","title":{"rendered":"ALC &#8211; Swedish"},"content":{"rendered":"<p><div class=\"fusion-fullwidth fullwidth-box fusion-builder-row-1 nonhundred-percent-fullwidth non-hundred-percent-height-scrolling\" style=\"--awb-background-position:center top;--awb-border-color:#f6f6f6;--awb-border-radius-top-left:0px;--awb-border-radius-top-right:0px;--awb-border-radius-bottom-right:0px;--awb-border-radius-bottom-left:0px;--awb-padding-top:1px;--awb-padding-right:0px;--awb-padding-bottom:30px;--awb-padding-left:0px;--awb-background-color:#fff;--awb-border-sizes-top:1px;--awb-border-sizes-bottom:1px;--awb-flex-wrap:wrap;\" ><div class=\"fusion-builder-row fusion-row\"><div class=\"fusion-layout-column fusion_builder_column fusion-builder-column-0 fusion_builder_column_1_2 1_2 fusion-one-half fusion-column-first\" style=\"--awb-bg-size:cover;width:48%; margin-right: 4%;\"><div class=\"fusion-column-wrapper fusion-flex-column-wrapper-legacy\"><div class=\"fusion-sep-clear\"><\/div><div class=\"fusion-separator fusion-full-width-sep\" style=\"margin-left: auto;margin-right: auto;margin-top:60px;width:100%;\"><\/div><div class=\"fusion-sep-clear\"><\/div><div class=\"fusion-text fusion-text-1\"><p><a href=\"http:\/\/vikingforce.se\/wp-content\/uploads\/2017\/03\/alc.jpg\"><img decoding=\"async\" class=\"aligncenter wp-image-14116 size-full\" src=\"https:\/\/vikingforce.se\/wp-content\/uploads\/2017\/03\/alc.jpg\" alt=\"\" width=\"600\" height=\"741\" srcset=\"https:\/\/vikingforce.se\/wp-content\/uploads\/2017\/03\/alc-243x300.jpg 243w, https:\/\/vikingforce.se\/wp-content\/uploads\/2017\/03\/alc.jpg 600w\" sizes=\"(max-width: 600px) 100vw, 600px\" \/><\/a><\/p>\n<\/div><div class=\"fusion-clearfix\"><\/div><\/div><\/div><div class=\"fusion-layout-column fusion_builder_column fusion-builder-column-1 fusion_builder_column_1_2 1_2 fusion-one-half fusion-column-last\" style=\"--awb-bg-size:cover;width:48%;\"><div class=\"fusion-column-wrapper fusion-flex-column-wrapper-legacy\"><div class=\"fusion-sep-clear\"><\/div><div class=\"fusion-separator fusion-full-width-sep\" style=\"margin-left: auto;margin-right: auto;margin-top:30px;width:100%;\"><\/div><div class=\"fusion-sep-clear\"><\/div><div class=\"fusion-title title fusion-title-1 fusion-sep-none fusion-title-text fusion-title-size-one title-wg\" style=\"--awb-margin-bottom:5px;\"><h1 class=\"fusion-title-heading title-heading-left\" style=\"margin:0;\"><p style=\"text-align: center;\">VIKING ALC<\/p><\/h1><\/div><div class=\"fusion-text fusion-text-2\"><p style=\"text-align: center;\">(Kosttillskott)<\/p>\n<\/div><div class=\"fusion-text fusion-text-3\"><p class=\"subtitle-wg\" style=\"text-align: center;\"><strong>Nettovikt: 51.3 g<\/strong><\/p>\n<p style=\"text-align: center;\"><strong>90 Kapslar<\/strong><\/p>\n<\/div><div class=\"fusion-clearfix\"><\/div><\/div><\/div><\/div><\/div><div class=\"fusion-fullwidth fullwidth-box fusion-builder-row-2 nonhundred-percent-fullwidth non-hundred-percent-height-scrolling\" style=\"--awb-border-color:#f6f6f6;--awb-border-radius-top-left:0px;--awb-border-radius-top-right:0px;--awb-border-radius-bottom-right:0px;--awb-border-radius-bottom-left:0px;--awb-padding-top:10px;--awb-padding-right:0px;--awb-padding-bottom:0px;--awb-padding-left:0px;--awb-background-color:#fff;--awb-border-sizes-top:0px;--awb-border-sizes-bottom:0px;--awb-flex-wrap:wrap;\" ><div class=\"fusion-builder-row fusion-row\"><div class=\"fusion-layout-column fusion_builder_column fusion-builder-column-2 fusion_builder_column_1_1 1_1 fusion-one-full fusion-column-first fusion-column-last\" style=\"--awb-bg-size:cover;\"><div class=\"fusion-column-wrapper fusion-flex-column-wrapper-legacy\"><div class=\"fusion-text fusion-text-4\"><p class=\"subtitle-fb\">Acetyl L-karnitin<\/p>\n<p>Viking ALC \u00e4r kapslar inneh\u00e5llande 900 mg ren acetyl-L-karnitin \/ servering. ALC har blivit ett popul\u00e4rt kosttillskott<br \/>\ni samband med tr\u00e4ning.<br \/>\nUnder h\u00e5rd och l\u00e5ngvarig motion kan niv\u00e5erna av det befintliga karnitinet i musklerna minska.<br \/>\nViking ALC \u00e4r kopplad till kost och h\u00e5rd tr\u00e4ning, en enkel l\u00f6sning som t\u00e4cker dina behov.<\/p>\n<\/div><div class=\"fusion-clearfix\"><\/div><\/div><\/div><div class=\"fusion-layout-column fusion_builder_column fusion-builder-column-3 fusion_builder_column_1_2 1_2 fusion-one-half fusion-column-first\" style=\"--awb-bg-size:cover;width:48%; margin-right: 4%;\"><div class=\"fusion-column-wrapper fusion-flex-column-wrapper-legacy\"><div class=\"fusion-text fusion-text-5\"><p class=\"subtitle-fb\">Riktning f\u00f6r anv\u00e4ndning:<\/p>\n<p>Ta 2-4 kapslar dagligen. Denna produkt \u00e4r b\u00e4st utnyttjas n\u00e4r det tas p\u00e5 fastande mage med vatten eller juice i uppdelade doser 45 minuter f\u00f6re frukost och lunch.<\/p>\n<p class=\"subtitle-fb\">ingredienser:<\/p>\n<p>Acetyl L-karnitin<\/p>\n<p class=\"subtitle-fb\">\u00d6vriga ingredienser:<\/p>\n<p>Fyllnadsmedel (maltodextrin), Kapselskal (gelatin, zinkoxid).<\/p>\n<p class=\"subtitle-fb\">Allergi Information:<\/p>\n<p>Kan inneh\u00e5lla sp\u00e5r av mj\u00f6lk, soja, \u00e4gg och vete (gluten).<\/p>\n<\/div><div class=\"fusion-clearfix\"><\/div><\/div><\/div><div class=\"fusion-layout-column fusion_builder_column fusion-builder-column-4 fusion_builder_column_1_2 1_2 fusion-one-half fusion-column-last\" style=\"--awb-bg-size:cover;width:48%;\"><div class=\"fusion-column-wrapper fusion-flex-column-wrapper-legacy\"><div class=\"fusion-text fusion-text-6\"><p class=\"subtitle-fb\">Viktig information:<\/p>\n<p>Denna produkt \u00e4r ett kosttillskott. Anv\u00e4nd denna produkt i samband med livsmedel som en del av en h\u00e4lsosam och balanserad kost, inte som en ers\u00e4ttning f\u00f6r en s\u00e5dan. F\u00f6rvara utom r\u00e4ckh\u00e5ll f\u00f6r barn. Inte avsedd att anv\u00e4ndas av gravida eller ammande kvinnor! Inte mer \u00e4n den rekommenderade dagliga dosen.<br \/>\nF\u00f6rvara i en sval och torr plats. Uts\u00e4tt inte f\u00f6r stark v\u00e4rme, fukt eller solljus. B\u00e4st f\u00f6re utg\u00e5ngsdatum som anges p\u00e5 f\u00f6rpackningen.<\/p>\n<\/div><div class=\"fusion-text fusion-text-7\"><p class=\"subtitle-fb\">N\u00c4RINGSINFORMATION<\/p>\n<\/div><div class=\"fusion-text fusion-text-8\"><div class=\"table-1\">\n<table class=\"tb\" width=\"100%\">\n<tbody>\n<tr class=\"table-row_border\">\n<td colspan=\"3\"><strong>N\u00e4ringsinneh\u00e5ll per:<\/strong><\/td>\n<td colspan=\"2\">1 portion (2 kapslar)<\/td>\n<td colspan=\"2\">4 kapslar<\/td>\n<\/tr>\n<tr>\n<td colspan=\"3\">Acetyl L-karnitin:<\/td>\n<td colspan=\"2\">900 mg<\/td>\n<td colspan=\"2\">1800 mg<\/td>\n<\/tr>\n<\/tbody>\n<\/table>\n<\/div>\n<\/div><div class=\"fusion-clearfix\"><\/div><\/div><\/div><\/div><\/div><\/p>\n","protected":false},"excerpt":{"rendered":"","protected":false},"author":1,"featured_media":0,"parent":12435,"menu_order":0,"comment_status":"closed","ping_status":"closed","template":"","meta":{"footnotes":""},"class_list":["post-12360","page","type-page","status-publish","hentry"],"_links":{"self":[{"href":"https:\/\/vikingforce.se\/sv\/wp-json\/wp\/v2\/pages\/12360","targetHints":{"allow":["GET"]}}],"collection":[{"href":"https:\/\/vikingforce.se\/sv\/wp-json\/wp\/v2\/pages"}],"about":[{"href":"https:\/\/vikingforce.se\/sv\/wp-json\/wp\/v2\/types\/page"}],"author":[{"embeddable":true,"href":"https:\/\/vikingforce.se\/sv\/wp-json\/wp\/v2\/users\/1"}],"replies":[{"embeddable":true,"href":"https:\/\/vikingforce.se\/sv\/wp-json\/wp\/v2\/comments?post=12360"}],"version-history":[{"count":13,"href":"https:\/\/vikingforce.se\/sv\/wp-json\/wp\/v2\/pages\/12360\/revisions"}],"predecessor-version":[{"id":23568,"href":"https:\/\/vikingforce.se\/sv\/wp-json\/wp\/v2\/pages\/12360\/revisions\/23568"}],"up":[{"embeddable":true,"href":"https:\/\/vikingforce.se\/sv\/wp-json\/wp\/v2\/pages\/12435"}],"wp:attachment":[{"href":"https:\/\/vikingforce.se\/sv\/wp-json\/wp\/v2\/media?parent=12360"}],"curies":[{"name":"wp","href":"https:\/\/api.w.org\/{rel}","templated":true}]}}