{"id":12354,"date":"2015-12-09T11:37:36","date_gmt":"2015-12-09T11:37:36","guid":{"rendered":"http:\/\/vikingforce.se\/sv\/aakg\/"},"modified":"2025-05-16T15:00:20","modified_gmt":"2025-05-16T15:00:20","slug":"aakg","status":"publish","type":"page","link":"https:\/\/vikingforce.se\/sv\/pump-line\/aakg\/","title":{"rendered":"AAKG &#8211; Swedish"},"content":{"rendered":"<p><div class=\"fusion-fullwidth fullwidth-box fusion-builder-row-1 nonhundred-percent-fullwidth non-hundred-percent-height-scrolling\" style=\"--awb-background-position:center top;--awb-border-color:#f6f6f6;--awb-border-radius-top-left:0px;--awb-border-radius-top-right:0px;--awb-border-radius-bottom-right:0px;--awb-border-radius-bottom-left:0px;--awb-padding-top:1px;--awb-padding-right:0px;--awb-padding-bottom:30px;--awb-padding-left:0px;--awb-background-color:#fff;--awb-border-sizes-top:1px;--awb-border-sizes-bottom:1px;--awb-flex-wrap:wrap;\" ><div class=\"fusion-builder-row fusion-row\"><div class=\"fusion-layout-column fusion_builder_column fusion-builder-column-0 fusion_builder_column_1_2 1_2 fusion-one-half fusion-column-first\" style=\"--awb-bg-size:cover;width:48%; margin-right: 4%;\"><div class=\"fusion-column-wrapper fusion-flex-column-wrapper-legacy\"><div class=\"fusion-sep-clear\"><\/div><div class=\"fusion-separator fusion-full-width-sep\" style=\"margin-left: auto;margin-right: auto;margin-top:60px;width:100%;\"><\/div><div class=\"fusion-sep-clear\"><\/div><div class=\"fusion-text fusion-text-1\"><p><a href=\"http:\/\/vikingforce.se\/wp-content\/uploads\/2017\/03\/aakg1.jpg\"><img decoding=\"async\" class=\"wp-image-14066 size-full aligncenter\" src=\"http:\/\/vikingforce.se\/wp-content\/uploads\/2017\/03\/aakg1.jpg\" alt=\"\" width=\"600\" height=\"740\" srcset=\"https:\/\/vikingforce.se\/wp-content\/uploads\/2017\/03\/aakg1-243x300.jpg 243w, https:\/\/vikingforce.se\/wp-content\/uploads\/2017\/03\/aakg1.jpg 600w\" sizes=\"(max-width: 600px) 100vw, 600px\" \/><\/a><\/p>\n<\/div><div class=\"fusion-clearfix\"><\/div><\/div><\/div><div class=\"fusion-layout-column fusion_builder_column fusion-builder-column-1 fusion_builder_column_1_2 1_2 fusion-one-half fusion-column-last\" style=\"--awb-bg-size:cover;width:48%;\"><div class=\"fusion-column-wrapper fusion-flex-column-wrapper-legacy\"><div class=\"fusion-sep-clear\"><\/div><div class=\"fusion-separator fusion-full-width-sep\" style=\"margin-left: auto;margin-right: auto;margin-top:30px;width:100%;\"><\/div><div class=\"fusion-sep-clear\"><\/div><div class=\"fusion-title title fusion-title-1 fusion-sep-none fusion-title-text fusion-title-size-one title-wg\" style=\"--awb-margin-bottom:5px;\"><h1 class=\"fusion-title-heading title-heading-left\" style=\"margin:0;\"><p style=\"text-align: center;\">VIKING AAKG<\/p><\/h1><\/div><div class=\"fusion-text fusion-text-2\"><p style=\"text-align: center;\">(Kosttillskott)<\/p>\n<\/div><div class=\"fusion-text fusion-text-3\"><p class=\"subtitle-wg\" style=\"text-align: center;\">Nettovikt:\u00a0400 g<\/p>\n<p class=\"subtitle-wg\" style=\"text-align: center;\">120 Kapslar<\/p>\n<\/div><div class=\"fusion-clearfix\"><\/div><\/div><\/div><\/div><\/div><div class=\"fusion-fullwidth fullwidth-box fusion-builder-row-2 nonhundred-percent-fullwidth non-hundred-percent-height-scrolling\" style=\"--awb-border-color:#f6f6f6;--awb-border-radius-top-left:0px;--awb-border-radius-top-right:0px;--awb-border-radius-bottom-right:0px;--awb-border-radius-bottom-left:0px;--awb-padding-top:10px;--awb-padding-right:0px;--awb-padding-bottom:0px;--awb-padding-left:0px;--awb-background-color:#fff;--awb-border-sizes-top:0px;--awb-border-sizes-bottom:0px;--awb-flex-wrap:wrap;\" ><div class=\"fusion-builder-row fusion-row\"><div class=\"fusion-layout-column fusion_builder_column fusion-builder-column-2 fusion_builder_column_1_2 1_2 fusion-one-half fusion-column-first\" style=\"--awb-bg-size:cover;width:48%; margin-right: 4%;\"><div class=\"fusion-column-wrapper fusion-flex-column-wrapper-legacy\"><div class=\"fusion-text fusion-text-4\"><p class=\"subtitle-pl\">Riktning f\u00f6r anv\u00e4ndning:<\/p>\n<p>Som ett kosttillskott f\u00f6r vuxna, ta 2 kapslar en till tre g\u00e5nger dagligen efter behov. Ta mellan m\u00e5ltiderna eller vid s\u00e4ngg\u00e5endet med en kolhydratdryck f\u00f6r att underl\u00e4tta absorption.<\/p>\n<p class=\"subtitle-pl\">Ingredienser:<\/p>\n<p>L-Arginin Alpha-Ketoglutarat<\/p>\n<p class=\"subtitle-pl\">Andra ingredienser:<\/p>\n<p>Kapselskal (gelatin), klumpf\u00f6rebyggande medel (magnesiumstearat)<\/p>\n<p class=\"subtitle-pl\">Viktig Information:<\/p>\n<p>Konsultera en l\u00e4kare innan du anv\u00e4nder denna produkt. \u00d6verskrid inte rekommenderad dosering. Anv\u00e4nd inte om du \u00f6verv\u00e4ger graviditet, \u00e4r gravid, ammar, \u00e4r ben\u00e4gen f\u00f6r uttorkning eller \u00e4r utsatt f\u00f6r \u00f6verdriven v\u00e4rme. Minska eller avbryt anv\u00e4ndningen av denna produkt om s\u00f6mnl\u00f6shet, skakningar, yrsel, nervositet, huvudv\u00e4rk eller hj\u00e4rtklappning uppst\u00e5r. Denna produkt b\u00f6r undvikas av personer med glaukom eller herpes simplex om inte annat f\u00f6reskrivs av en l\u00e4kare. Anv\u00e4nd inte om du har haft en hj\u00e4rtinfarkt eller har etablerad kransk\u00e4rlssjukdom. Denna produkt \u00e4r endast avsedd f\u00f6r anv\u00e4ndning av friska vuxna \u00f6ver 18 \u00e5r. Avbryt anv\u00e4ndningen tv\u00e5 veckor f\u00f6re operation. B\u00e4st f\u00f6re utg\u00e5ngsdatumet som anges p\u00e5 f\u00f6rpackningen.<\/p>\n<p>Se till att f\u00f6rvaras o\u00e5tkomligt f\u00f6r barn och husdjur. F\u00f6rvara p\u00e5 en sval och torr plats borta fr\u00e5n direkt solljus.<\/p>\n<\/div><div class=\"fusion-clearfix\"><\/div><\/div><\/div><div class=\"fusion-layout-column fusion_builder_column fusion-builder-column-3 fusion_builder_column_1_2 1_2 fusion-one-half fusion-column-last\" style=\"--awb-bg-size:cover;width:48%;\"><div class=\"fusion-column-wrapper fusion-flex-column-wrapper-legacy\"><div class=\"fusion-text fusion-text-5\"><p class=\"subtitle-pl\">N\u00e4ringsinformation<\/p>\n<\/div><div class=\"fusion-text fusion-text-6\"><div class=\"table-1\">\n<table class=\"tb\" width=\"100%\">\n<tbody>\n<tr class=\"table-row_border\">\n<td colspan=\"3\"><strong>N\u00e4ringsinneh\u00e5ll per:<\/strong><\/td>\n<td colspan=\"2\">1 portion (2 kapslar)<\/td>\n<\/tr>\n<tr>\n<td colspan=\"3\">L-Arginin Alfa-Ketoglutarate<\/td>\n<td colspan=\"2\">2000 mg<\/td>\n<\/tr>\n<\/tbody>\n<\/table>\n<\/div>\n<\/div><div class=\"fusion-clearfix\"><\/div><\/div><\/div><\/div><\/div><\/p>\n","protected":false},"excerpt":{"rendered":"","protected":false},"author":1,"featured_media":0,"parent":12497,"menu_order":0,"comment_status":"closed","ping_status":"closed","template":"","meta":{"footnotes":""},"class_list":["post-12354","page","type-page","status-publish","hentry"],"_links":{"self":[{"href":"https:\/\/vikingforce.se\/sv\/wp-json\/wp\/v2\/pages\/12354","targetHints":{"allow":["GET"]}}],"collection":[{"href":"https:\/\/vikingforce.se\/sv\/wp-json\/wp\/v2\/pages"}],"about":[{"href":"https:\/\/vikingforce.se\/sv\/wp-json\/wp\/v2\/types\/page"}],"author":[{"embeddable":true,"href":"https:\/\/vikingforce.se\/sv\/wp-json\/wp\/v2\/users\/1"}],"replies":[{"embeddable":true,"href":"https:\/\/vikingforce.se\/sv\/wp-json\/wp\/v2\/comments?post=12354"}],"version-history":[{"count":10,"href":"https:\/\/vikingforce.se\/sv\/wp-json\/wp\/v2\/pages\/12354\/revisions"}],"predecessor-version":[{"id":23606,"href":"https:\/\/vikingforce.se\/sv\/wp-json\/wp\/v2\/pages\/12354\/revisions\/23606"}],"up":[{"embeddable":true,"href":"https:\/\/vikingforce.se\/sv\/wp-json\/wp\/v2\/pages\/12497"}],"wp:attachment":[{"href":"https:\/\/vikingforce.se\/sv\/wp-json\/wp\/v2\/media?parent=12354"}],"curies":[{"name":"wp","href":"https:\/\/api.w.org\/{rel}","templated":true}]}}