{"id":12340,"date":"2015-12-23T17:19:13","date_gmt":"2015-12-23T17:19:13","guid":{"rendered":"http:\/\/vikingforce.se\/?page_id=12340&#038;lang=sv"},"modified":"2019-12-17T07:05:44","modified_gmt":"2019-12-17T07:05:44","slug":"about-us","status":"publish","type":"page","link":"https:\/\/vikingforce.se\/sv\/about-us\/","title":{"rendered":"About Us &#8211; Swedish"},"content":{"rendered":"<p><div class=\"fusion-fullwidth fullwidth-box fusion-builder-row-1 hundred-percent-fullwidth non-hundred-percent-height-scrolling\" style=\"--awb-border-radius-top-left:0px;--awb-border-radius-top-right:0px;--awb-border-radius-bottom-right:0px;--awb-border-radius-bottom-left:0px;--awb-overflow:visible;--awb-flex-wrap:wrap;\" ><div class=\"fusion-builder-row fusion-row\"><div class=\"fusion-layout-column fusion_builder_column fusion-builder-column-0 fusion_builder_column_1_1 1_1 fusion-one-full fusion-column-first fusion-column-last\" style=\"--awb-bg-size:cover;\"><div class=\"fusion-column-wrapper fusion-flex-column-wrapper-legacy\"><div class=\"fusion-text fusion-text-1\"><p style=\"text-align: center; font-size: 1.5em !important;\">Viking Force Lab. \u00e4r ett innovativt, snabbast v\u00e4xande sport nutrition f\u00f6retag baserat i G\u00f6teborg, Sverige.<\/p>\n<\/div><div class=\"fusion-clearfix\"><\/div><\/div><\/div><\/div><\/div><div class=\"fusion-fullwidth fullwidth-box fusion-builder-row-2 nonhundred-percent-fullwidth non-hundred-percent-height-scrolling\" style=\"--awb-background-position:left top;--awb-border-radius-top-left:0px;--awb-border-radius-top-right:0px;--awb-border-radius-bottom-right:0px;--awb-border-radius-bottom-left:0px;--awb-padding-top:20px;--awb-padding-bottom:20px;--awb-border-sizes-top:0px;--awb-border-sizes-bottom:0px;--awb-flex-wrap:wrap;\" ><div class=\"fusion-builder-row fusion-row\"><div class=\"fusion-layout-column fusion_builder_column fusion-builder-column-1 fusion_builder_column_1_1 1_1 fusion-one-full fusion-column-first fusion-column-last\" style=\"--awb-bg-size:cover;\"><div class=\"fusion-column-wrapper fusion-flex-column-wrapper-legacy\"><div class=\"fusion-text fusion-text-2\"><p style=\"text-align: center;\">Viking Force Lab. F\u00f6lj n\u00e5gra enkla men mycket viktiga regler vid utveckling och tillverkning av produkter s\u00e5 att du kommer att f\u00e5 del av vetskapen att du anv\u00e4nder b\u00e4sta kvalitet tillg\u00e4ngliga. Alla Viking Force Lab. Produkterna tillverkas i EU enligt en strikt ISO 9001 och HACCP kvalitetssystem och bekr\u00e4fta med internationella standarder och f\u00f6reskrifter och \u00e4r helt s\u00e4ker att anv\u00e4nda f\u00f6r friska vuxna. Genom att omvandla omfattande vetenskaplig forskning om exakt konstruerade formuleringar, Viking Force Lab. ger extremt effektiv, framkant och s\u00e4kra n\u00e4rings bodybuilding tillskott f\u00f6r alla h\u00e4lso sinnade entusiaster.<\/p>\n<p style=\"text-align: center;\">Vi str\u00e4var efter att hj\u00e4lpa individer att uppn\u00e5 toppen av fysiska h\u00e4lsa genom att kombinera en ansvarsfull anv\u00e4ndning av n\u00e4ringstillskott med r\u00e4tt kost, motion och en \u00f6vergripande sund livsstil. Viking Force Lab. produkter st\u00e5 ensam i kvalitet, effektivitet och h\u00f6gteknologisk design. Produkt ingredienser v\u00e4ljas baserat p\u00e5 den senaste forskningen och studier som visar deras effektivitet.<\/p>\n<p style=\"text-align: center;\">N\u00e4r du k\u00f6per en Viking Force Lab. till\u00e4gg, du f\u00e5r det allra b\u00e4sta som finns.<\/p>\n<\/div><div class=\"fusion-clearfix\"><\/div><\/div><\/div><\/div><\/div><div class=\"fusion-fullwidth fullwidth-box fusion-builder-row-3 hundred-percent-fullwidth non-hundred-percent-height-scrolling\" style=\"--awb-border-radius-top-left:0px;--awb-border-radius-top-right:0px;--awb-border-radius-bottom-right:0px;--awb-border-radius-bottom-left:0px;--awb-overflow:visible;--awb-flex-wrap:wrap;\" ><div class=\"fusion-builder-row fusion-row\"><div class=\"fusion-layout-column fusion_builder_column fusion-builder-column-2 fusion_builder_column_1_1 1_1 fusion-one-full fusion-column-first fusion-column-last fusion-column-no-min-height\" style=\"--awb-bg-size:cover;--awb-margin-bottom:0px;\"><div class=\"fusion-column-wrapper fusion-flex-column-wrapper-legacy\"><div class=\"fusion-text fusion-text-3\"><\/div><div class=\"fusion-clearfix\"><\/div><\/div><\/div><\/div><\/div><\/p>\n","protected":false},"excerpt":{"rendered":"","protected":false},"author":1,"featured_media":0,"parent":0,"menu_order":0,"comment_status":"open","ping_status":"closed","template":"","meta":{"footnotes":""},"class_list":["post-12340","page","type-page","status-publish","hentry"],"_links":{"self":[{"href":"https:\/\/vikingforce.se\/sv\/wp-json\/wp\/v2\/pages\/12340","targetHints":{"allow":["GET"]}}],"collection":[{"href":"https:\/\/vikingforce.se\/sv\/wp-json\/wp\/v2\/pages"}],"about":[{"href":"https:\/\/vikingforce.se\/sv\/wp-json\/wp\/v2\/types\/page"}],"author":[{"embeddable":true,"href":"https:\/\/vikingforce.se\/sv\/wp-json\/wp\/v2\/users\/1"}],"replies":[{"embeddable":true,"href":"https:\/\/vikingforce.se\/sv\/wp-json\/wp\/v2\/comments?post=12340"}],"version-history":[{"count":6,"href":"https:\/\/vikingforce.se\/sv\/wp-json\/wp\/v2\/pages\/12340\/revisions"}],"predecessor-version":[{"id":14360,"href":"https:\/\/vikingforce.se\/sv\/wp-json\/wp\/v2\/pages\/12340\/revisions\/14360"}],"wp:attachment":[{"href":"https:\/\/vikingforce.se\/sv\/wp-json\/wp\/v2\/media?parent=12340"}],"curies":[{"name":"wp","href":"https:\/\/api.w.org\/{rel}","templated":true}]}}